{"id":8754,"date":"2025-10-02T16:29:04","date_gmt":"2025-10-02T14:29:04","guid":{"rendered":"https:\/\/iconcare.eu\/?page_id=8754"},"modified":"2025-10-02T17:09:26","modified_gmt":"2025-10-02T15:09:26","slug":"tipp-des-monats-oktober-2025","status":"publish","type":"page","link":"https:\/\/iconcare.eu\/index.php\/tipp-des-monats-oktober-2025\/","title":{"rendered":"Tipp des Monats Oktober 2025"},"content":{"rendered":"\t\t<div data-elementor-type=\"wp-post\" data-elementor-id=\"8754\" class=\"elementor elementor-8754\">\n\t\t\t\t\t\t<section class=\"elementor-section elementor-top-section elementor-element elementor-element-6e4a05f9 elementor-section-boxed elementor-section-height-default elementor-section-height-default elementor-invisible\" data-id=\"6e4a05f9\" data-element_type=\"section\" data-e-type=\"section\" data-settings=\"{&quot;background_background&quot;:&quot;classic&quot;,&quot;animation&quot;:&quot;fadeInDown&quot;,&quot;shape_divider_bottom&quot;:&quot;opacity-tilt&quot;}\">\n\t\t\t\t\t\t\t<div class=\"elementor-background-overlay\"><\/div>\n\t\t\t\t\t\t<div class=\"elementor-shape elementor-shape-bottom\" aria-hidden=\"true\" data-negative=\"false\">\n\t\t\t<svg xmlns=\"http:\/\/www.w3.org\/2000\/svg\" viewBox=\"0 0 2600 131.1\" preserveAspectRatio=\"none\">\n\t<path class=\"elementor-shape-fill\" d=\"M0 0L2600 0 2600 69.1 0 0z\"\/>\n\t<path class=\"elementor-shape-fill\" style=\"opacity:0.5\" d=\"M0 0L2600 0 2600 69.1 0 69.1z\"\/>\n\t<path class=\"elementor-shape-fill\" style=\"opacity:0.25\" d=\"M2600 0L0 0 0 130.1 2600 69.1z\"\/>\n<\/svg>\t\t<\/div>\n\t\t\t\t\t<div class=\"elementor-container elementor-column-gap-default\">\n\t\t\t\t\t<div class=\"elementor-column elementor-col-33 elementor-top-column elementor-element elementor-element-161ee7f2\" data-id=\"161ee7f2\" data-element_type=\"column\" data-e-type=\"column\">\n\t\t\t<div class=\"elementor-widget-wrap\">\n\t\t\t\t\t\t\t<\/div>\n\t\t<\/div>\n\t\t\t\t<div class=\"elementor-column elementor-col-33 elementor-top-column elementor-element elementor-element-59531c3d\" data-id=\"59531c3d\" data-element_type=\"column\" data-e-type=\"column\">\n\t\t\t<div class=\"elementor-widget-wrap elementor-element-populated\">\n\t\t\t\t\t\t<div class=\"elementor-element elementor-element-78f168d8 elementor-widget elementor-widget-heading\" data-id=\"78f168d8\" data-element_type=\"widget\" data-e-type=\"widget\" data-widget_type=\"heading.default\">\n\t\t\t\t<div class=\"elementor-widget-container\">\n\t\t\t\t\t<h1 class=\"elementor-heading-title elementor-size-default\">Tipp des Monats<\/h1>\t\t\t\t<\/div>\n\t\t\t\t<\/div>\n\t\t\t\t\t<\/div>\n\t\t<\/div>\n\t\t\t\t<div class=\"elementor-column elementor-col-33 elementor-top-column elementor-element elementor-element-27d8042c\" data-id=\"27d8042c\" data-element_type=\"column\" data-e-type=\"column\">\n\t\t\t<div class=\"elementor-widget-wrap\">\n\t\t\t\t\t\t\t<\/div>\n\t\t<\/div>\n\t\t\t\t\t<\/div>\n\t\t<\/section>\n\t\t\t\t<section class=\"elementor-section elementor-top-section elementor-element elementor-element-syvw4vv elementor-section-content-top elementor-section-boxed elementor-section-height-default elementor-section-height-default\" data-id=\"syvw4vv\" data-element_type=\"section\" data-e-type=\"section\">\n\t\t\t\t\t\t<div class=\"elementor-container elementor-column-gap-default\">\n\t\t\t\t\t<div class=\"elementor-column elementor-col-100 elementor-top-column elementor-element elementor-element-lpief2b\" data-id=\"lpief2b\" data-element_type=\"column\" data-e-type=\"column\">\n\t\t\t<div class=\"elementor-widget-wrap elementor-element-populated\">\n\t\t\t\t\t\t<div class=\"elementor-element elementor-element-f3aab61 elementor-widget elementor-widget-heading\" data-id=\"f3aab61\" data-element_type=\"widget\" data-e-type=\"widget\" data-widget_type=\"heading.default\">\n\t\t\t\t<div class=\"elementor-widget-container\">\n\t\t\t\t\t<h3 class=\"elementor-heading-title elementor-size-default\">Kein professionelles Onboarding \u2013 <br>und gerade deshalb ist Ihre HR-Abteilung \u00fcberlastet!<\/h3>\t\t\t\t<\/div>\n\t\t\t\t<\/div>\n\t\t\t\t<div class=\"elementor-element elementor-element-734a5e7 elementor-widget elementor-widget-spacer\" data-id=\"734a5e7\" data-element_type=\"widget\" data-e-type=\"widget\" data-widget_type=\"spacer.default\">\n\t\t\t\t<div class=\"elementor-widget-container\">\n\t\t\t\t\t\t\t<div class=\"elementor-spacer\">\n\t\t\t<div class=\"elementor-spacer-inner\"><\/div>\n\t\t<\/div>\n\t\t\t\t\t\t<\/div>\n\t\t\t\t<\/div>\n\t\t\t\t<div class=\"elementor-element elementor-element-359b7b8 elementor-widget elementor-widget-text-editor\" data-id=\"359b7b8\" data-element_type=\"widget\" data-e-type=\"widget\" data-widget_type=\"text-editor.default\">\n\t\t\t\t<div class=\"elementor-widget-container\">\n\t\t\t\t\t\t\t\t\tHaben Sie zu viel Fluktuation schon in der fr\u00fchen Einstiegsphase neuer Mitarbeiter? In diesem Tipp des Monats erfahren Sie, wie andere Unternehmen dies nicht nur verhindern, sondern sich einen Vorteil im Bewerbermarkt verschaffen und ihre Mitarbeiter fest an sich binden. \t\t\t\t\t\t\t\t<\/div>\n\t\t\t\t<\/div>\n\t\t\t\t<div class=\"elementor-element elementor-element-567966b elementor-position-inline-start elementor-view-default elementor-mobile-position-block-start elementor-widget elementor-widget-icon-box\" data-id=\"567966b\" data-element_type=\"widget\" data-e-type=\"widget\" data-widget_type=\"icon-box.default\">\n\t\t\t\t<div class=\"elementor-widget-container\">\n\t\t\t\t\t\t\t<div class=\"elementor-icon-box-wrapper\">\n\n\t\t\t\t\t\t<div class=\"elementor-icon-box-icon\">\n\t\t\t\t<span  class=\"elementor-icon\">\n\t\t\t\t<i aria-hidden=\"true\" class=\"fas fa-exclamation\"><\/i>\t\t\t\t<\/span>\n\t\t\t<\/div>\n\t\t\t\n\t\t\t\t\t\t<div class=\"elementor-icon-box-content\">\n\n\t\t\t\t\t\t\t\t\t<h5 class=\"elementor-icon-box-title\">\n\t\t\t\t\t\t<span  >\n\t\t\t\t\t\t\tDas Problem\t\t\t\t\t\t<\/span>\n\t\t\t\t\t<\/h5>\n\t\t\t\t\n\t\t\t\t\t\t\t\t\t<p class=\"elementor-icon-box-description\">\n\t\t\t\t\t\tIn Zeiten zunehmender Personalengp\u00e4sse und steigender Anforderungen an Qualit\u00e4t und Operabilit\u00e4t wird deutlich: Mitarbeiter sind der wichtigste Erfolgsfaktor \u2013 und gleichzeitig eine der gr\u00f6\u00dften Herausforderungen. Viele Unternehmen erzeugen hohe Recruitingkosten bei nur m\u00e4\u00dfigem Erfolg: H\u00e4ufige Absagen, mitunter sogar nach Vertragsabschluss, eine hohe K\u00fcndigungsquote w\u00e4hrend der Probezeit oder eine schleppende Einarbeitung neuer Mitarbeiter schw\u00e4chen die Zielorganisationen. Diese Probleme f\u00fchren zu einem erheblichen Verlust an Bewerbern und letztlich an Erfolgskraft.\t\t\t\t\t<\/p>\n\t\t\t\t\n\t\t\t<\/div>\n\t\t\t\n\t\t<\/div>\n\t\t\t\t\t\t<\/div>\n\t\t\t\t<\/div>\n\t\t\t\t<div class=\"elementor-element elementor-element-34a306c elementor-position-inline-start elementor-view-default elementor-mobile-position-block-start elementor-widget elementor-widget-icon-box\" data-id=\"34a306c\" data-element_type=\"widget\" data-e-type=\"widget\" data-widget_type=\"icon-box.default\">\n\t\t\t\t<div class=\"elementor-widget-container\">\n\t\t\t\t\t\t\t<div class=\"elementor-icon-box-wrapper\">\n\n\t\t\t\t\t\t<div class=\"elementor-icon-box-icon\">\n\t\t\t\t<span  class=\"elementor-icon\">\n\t\t\t\t<i aria-hidden=\"true\" class=\"fas fa-lightbulb\"><\/i>\t\t\t\t<\/span>\n\t\t\t<\/div>\n\t\t\t\n\t\t\t\t\t\t<div class=\"elementor-icon-box-content\">\n\n\t\t\t\t\t\t\t\t\t<h5 class=\"elementor-icon-box-title\">\n\t\t\t\t\t\t<span  >\n\t\t\t\t\t\t\tDer L\u00f6sungsansatz\t\t\t\t\t\t<\/span>\n\t\t\t\t\t<\/h5>\n\t\t\t\t\n\t\t\t\t\t\t\t\t\t<p class=\"elementor-icon-box-description\">\n\t\t\t\t\t\tDie L\u00f6sung liegt nicht im blo\u00dfen Kauf eines Onboarding-Tools. Vielmehr braucht es einen <b>standardisierten Soll-Prozess<\/b> mit einer attraktiven Ausgestaltung und prozessorientierten Kennzahlen gerade im wichtigsten HR-Arbeitsgebiet. \nDer Weg beginnt mit authentischen Unternehmenszielen und Interviews zu den bestehenden HR-Prozessen. Eine initiale Messung der Onboarding-Zufriedenheit zeigt das Potenzial und bietet konkrete Verbesserungsvorschl\u00e4ge direkt aus der Zielgruppe. Zentrales Element der Neugestaltung ist h\u00e4ufig ein Buddy-Programm \u2013 doch nicht jeder ist zum Buddy geeignet und bereit, sich einzubringen. Je verl\u00e4sslicher der Onboarding-Prozess und je individueller die Einarbeitungsphase, desto h\u00f6her die Zufriedenheit und die Bleiberate bis zum Ende der Probezeit.\n\t\t\t\t\t<\/p>\n\t\t\t\t\n\t\t\t<\/div>\n\t\t\t\n\t\t<\/div>\n\t\t\t\t\t\t<\/div>\n\t\t\t\t<\/div>\n\t\t\t\t<div class=\"elementor-element elementor-element-ab284f3 elementor-position-inline-start elementor-view-default elementor-mobile-position-block-start elementor-widget elementor-widget-icon-box\" data-id=\"ab284f3\" data-element_type=\"widget\" data-e-type=\"widget\" data-widget_type=\"icon-box.default\">\n\t\t\t\t<div class=\"elementor-widget-container\">\n\t\t\t\t\t\t\t<div class=\"elementor-icon-box-wrapper\">\n\n\t\t\t\t\t\t<div class=\"elementor-icon-box-icon\">\n\t\t\t\t<span  class=\"elementor-icon\">\n\t\t\t\t<i aria-hidden=\"true\" class=\"fas fa-hand-holding-usd\"><\/i>\t\t\t\t<\/span>\n\t\t\t<\/div>\n\t\t\t\n\t\t\t\t\t\t<div class=\"elementor-icon-box-content\">\n\n\t\t\t\t\t\t\t\t\t<h5 class=\"elementor-icon-box-title\">\n\t\t\t\t\t\t<span  >\n\t\t\t\t\t\t\tDer Nutzen\t\t\t\t\t\t<\/span>\n\t\t\t\t\t<\/h5>\n\t\t\t\t\n\t\t\t\t\t\t\t\t\t<p class=\"elementor-icon-box-description\">\n\t\t\t\t\t\tEin professionelles und durchdachtes Onboarding bewirkt entscheidende Verbesserungen: Es reduziert nicht nur die Kosten f\u00fcr Werbung, Ansprache und Recruiting, sondern sorgt vor allem f\u00fcr eine deutlich schnellere Einsatzbarkeit und h\u00f6here Performance der neuen Mitarbeiter. Diese identifizieren sich st\u00e4rker mit dem Unternehmen und tragen mit ihrer Zufriedenheit zum Teamgeist bei. Dar\u00fcber hinaus st\u00e4rkt ein gutes Onboarding die Arbeitgebermarke und verbessert die Wahrnehmung des Unternehmens im Wettbewerb um Talente.\t\t\t\t\t<\/p>\n\t\t\t\t\n\t\t\t<\/div>\n\t\t\t\n\t\t<\/div>\n\t\t\t\t\t\t<\/div>\n\t\t\t\t<\/div>\n\t\t\t\t<div class=\"elementor-element elementor-element-b84b8f8 elementor-position-inline-start elementor-view-default elementor-mobile-position-block-start elementor-widget elementor-widget-icon-box\" data-id=\"b84b8f8\" data-element_type=\"widget\" data-e-type=\"widget\" data-widget_type=\"icon-box.default\">\n\t\t\t\t<div class=\"elementor-widget-container\">\n\t\t\t\t\t\t\t<div class=\"elementor-icon-box-wrapper\">\n\n\t\t\t\t\t\t<div class=\"elementor-icon-box-icon\">\n\t\t\t\t<span  class=\"elementor-icon\">\n\t\t\t\t<i aria-hidden=\"true\" class=\"fas fa-thumbs-up\"><\/i>\t\t\t\t<\/span>\n\t\t\t<\/div>\n\t\t\t\n\t\t\t\t\t\t<div class=\"elementor-icon-box-content\">\n\n\t\t\t\t\t\t\t\t\t<h5 class=\"elementor-icon-box-title\">\n\t\t\t\t\t\t<span  >\n\t\t\t\t\t\t\tEin Referenzbeispiel\t\t\t\t\t\t<\/span>\n\t\t\t\t\t<\/h5>\n\t\t\t\t\n\t\t\t\t\t\t\t\t\t<p class=\"elementor-icon-box-description\">\n\t\t\t\t\t\tEin gelungenes Beispiel liefert der Flughafen K\u00f6ln\/Bonn, der gemeinsam mit Visality seinen Onboarding-Prozess umfassend neugestaltet hat. Dieser beinhaltet eine individuelle Ansprache, eine abgestimmte Arbeitsplatzvorbereitung, eine pers\u00f6nliche Begleitung der Neueinsteiger, regelm\u00e4\u00dfige Welcome-Days sowie ein zielgerichtetes Messsystem, das interaktiv und offen ist. <br><br><b>Das Ergebnis: Eine deutlich verbesserte Integration neuer Mitarbeitender und eine gest\u00e4rkte Position als attraktiver Arbeitgeber in der Region.<\/b>\t\t\t\t\t<\/p>\n\t\t\t\t\n\t\t\t<\/div>\n\t\t\t\n\t\t<\/div>\n\t\t\t\t\t\t<\/div>\n\t\t\t\t<\/div>\n\t\t\t\t<div class=\"elementor-element elementor-element-7212952 elementor-widget elementor-widget-button\" data-id=\"7212952\" data-element_type=\"widget\" data-e-type=\"widget\" data-widget_type=\"button.default\">\n\t\t\t\t<div class=\"elementor-widget-container\">\n\t\t\t\t\t\t\t\t\t<div class=\"elementor-button-wrapper\">\n\t\t\t\t\t<a class=\"elementor-button elementor-button-link elementor-size-sm\" href=\"https:\/\/www.visality.de\/index.php\/referenzen\/vielhaber-cgn\/\" target=\"_blank\">\n\t\t\t\t\t\t<span class=\"elementor-button-content-wrapper\">\n\t\t\t\t\t\t<span class=\"elementor-button-icon\">\n\t\t\t\t<i aria-hidden=\"true\" class=\"far fa-arrow-alt-circle-right\"><\/i>\t\t\t<\/span>\n\t\t\t\t\t\t\t\t\t<span class=\"elementor-button-text\">Zur aktuellen Referenz<\/span>\n\t\t\t\t\t<\/span>\n\t\t\t\t\t<\/a>\n\t\t\t\t<\/div>\n\t\t\t\t\t\t\t\t<\/div>\n\t\t\t\t<\/div>\n\t\t\t\t<div class=\"elementor-element elementor-element-b87c137 elementor-widget elementor-widget-button\" data-id=\"b87c137\" data-element_type=\"widget\" data-e-type=\"widget\" data-widget_type=\"button.default\">\n\t\t\t\t<div class=\"elementor-widget-container\">\n\t\t\t\t\t\t\t\t\t<div class=\"elementor-button-wrapper\">\n\t\t\t\t\t<a class=\"elementor-button elementor-button-link elementor-size-sm\" href=\"https:\/\/iconcare.eu\/wp-content\/uploads\/2024\/08\/Onboarding_202510.pdf\" target=\"_blank\">\n\t\t\t\t\t\t<span class=\"elementor-button-content-wrapper\">\n\t\t\t\t\t\t<span class=\"elementor-button-icon\">\n\t\t\t\t<i aria-hidden=\"true\" class=\"fas fa-file-download\"><\/i>\t\t\t<\/span>\n\t\t\t\t\t\t\t\t\t<span class=\"elementor-button-text\">Onboarding zum Download<\/span>\n\t\t\t\t\t<\/span>\n\t\t\t\t\t<\/a>\n\t\t\t\t<\/div>\n\t\t\t\t\t\t\t\t<\/div>\n\t\t\t\t<\/div>\n\t\t\t\t<div class=\"elementor-element elementor-element-415c5da elementor-widget elementor-widget-spacer\" data-id=\"415c5da\" data-element_type=\"widget\" data-e-type=\"widget\" data-widget_type=\"spacer.default\">\n\t\t\t\t<div class=\"elementor-widget-container\">\n\t\t\t\t\t\t\t<div class=\"elementor-spacer\">\n\t\t\t<div class=\"elementor-spacer-inner\"><\/div>\n\t\t<\/div>\n\t\t\t\t\t\t<\/div>\n\t\t\t\t<\/div>\n\t\t\t\t<section class=\"elementor-section elementor-inner-section elementor-element elementor-element-f0f25f1 elementor-section-boxed elementor-section-height-default elementor-section-height-default\" data-id=\"f0f25f1\" data-element_type=\"section\" data-e-type=\"section\">\n\t\t\t\t\t\t<div class=\"elementor-container elementor-column-gap-default\">\n\t\t\t\t\t<div class=\"elementor-column elementor-col-100 elementor-inner-column elementor-element elementor-element-24e8141\" data-id=\"24e8141\" data-element_type=\"column\" data-e-type=\"column\">\n\t\t\t<div class=\"elementor-widget-wrap\">\n\t\t\t\t\t\t\t<\/div>\n\t\t<\/div>\n\t\t\t\t\t<\/div>\n\t\t<\/section>\n\t\t\t\t<div class=\"elementor-element elementor-element-139f6a2 elementor-widget elementor-widget-spacer\" data-id=\"139f6a2\" data-element_type=\"widget\" data-e-type=\"widget\" data-widget_type=\"spacer.default\">\n\t\t\t\t<div class=\"elementor-widget-container\">\n\t\t\t\t\t\t\t<div class=\"elementor-spacer\">\n\t\t\t<div class=\"elementor-spacer-inner\"><\/div>\n\t\t<\/div>\n\t\t\t\t\t\t<\/div>\n\t\t\t\t<\/div>\n\t\t\t\t\t<\/div>\n\t\t<\/div>\n\t\t\t\t\t<\/div>\n\t\t<\/section>\n\t\t\t\t<\/div>\n\t\t","protected":false},"excerpt":{"rendered":"<p>Tipp des Monats Kein professionelles Onboarding \u2013 und gerade deshalb ist Ihre HR-Abteilung \u00fcberlastet! Haben Sie zu viel Fluktuation schon in der fr\u00fchen Einstiegsphase neuer Mitarbeiter? In diesem Tipp des Monats erfahren Sie, wie andere Unternehmen dies nicht nur verhindern, sondern sich einen Vorteil im Bewerbermarkt verschaffen und ihre Mitarbeiter fest an sich binden. Das [&hellip;]<\/p>\n","protected":false},"author":1,"featured_media":0,"parent":0,"menu_order":0,"comment_status":"closed","ping_status":"closed","template":"","meta":{"site-sidebar-layout":"no-sidebar","site-content-layout":"page-builder","ast-site-content-layout":"full-width-container","site-content-style":"unboxed","site-sidebar-style":"unboxed","ast-global-header-display":"","ast-banner-title-visibility":"","ast-main-header-display":"","ast-hfb-above-header-display":"","ast-hfb-below-header-display":"","ast-hfb-mobile-header-display":"","site-post-title":"disabled","ast-breadcrumbs-content":"","ast-featured-img":"disabled","footer-sml-layout":"","ast-disable-related-posts":"","theme-transparent-header-meta":"default","adv-header-id-meta":"","stick-header-meta":"","header-above-stick-meta":"","header-main-stick-meta":"","header-below-stick-meta":"","astra-migrate-meta-layouts":"set","ast-page-background-enabled":"default","ast-page-background-meta":{"desktop":{"background-color":"","background-image":"","background-repeat":"repeat","background-position":"center center","background-size":"auto","background-attachment":"scroll","background-type":"","background-media":"","overlay-type":"","overlay-color":"","overlay-opacity":"","overlay-gradient":""},"tablet":{"background-color":"","background-image":"","background-repeat":"repeat","background-position":"center center","background-size":"auto","background-attachment":"scroll","background-type":"","background-media":"","overlay-type":"","overlay-color":"","overlay-opacity":"","overlay-gradient":""},"mobile":{"background-color":"","background-image":"","background-repeat":"repeat","background-position":"center center","background-size":"auto","background-attachment":"scroll","background-type":"","background-media":"","overlay-type":"","overlay-color":"","overlay-opacity":"","overlay-gradient":""}},"ast-content-background-meta":{"desktop":{"background-color":"var(--ast-global-color-5)","background-image":"","background-repeat":"repeat","background-position":"center center","background-size":"auto","background-attachment":"scroll","background-type":"","background-media":"","overlay-type":"","overlay-color":"","overlay-opacity":"","overlay-gradient":""},"tablet":{"background-color":"var(--ast-global-color-5)","background-image":"","background-repeat":"repeat","background-position":"center center","background-size":"auto","background-attachment":"scroll","background-type":"","background-media":"","overlay-type":"","overlay-color":"","overlay-opacity":"","overlay-gradient":""},"mobile":{"background-color":"var(--ast-global-color-5)","background-image":"","background-repeat":"repeat","background-position":"center center","background-size":"auto","background-attachment":"scroll","background-type":"","background-media":"","overlay-type":"","overlay-color":"","overlay-opacity":"","overlay-gradient":""}},"footnotes":""},"class_list":["post-8754","page","type-page","status-publish","hentry"],"yoast_head":"<!-- This site is optimized with the Yoast SEO plugin v27.5 - https:\/\/yoast.com\/product\/yoast-seo-wordpress\/ -->\n<title>Tipp des Monats Oktober 2025 - iconcare GmbH - Interlinked Consulting and Controlling for Healthcare - created by BInovis and Visality<\/title>\n<meta name=\"robots\" content=\"index, follow, max-snippet:-1, max-image-preview:large, max-video-preview:-1\" \/>\n<link rel=\"canonical\" href=\"https:\/\/iconcare.eu\/index.php\/tipp-des-monats-oktober-2025\/\" \/>\n<meta property=\"og:locale\" content=\"de_DE\" \/>\n<meta property=\"og:type\" content=\"article\" \/>\n<meta property=\"og:title\" content=\"Tipp des Monats Oktober 2025 - iconcare GmbH - Interlinked Consulting and Controlling for Healthcare - created by BInovis and Visality\" \/>\n<meta property=\"og:description\" content=\"Tipp des Monats Kein professionelles Onboarding \u2013 und gerade deshalb ist Ihre HR-Abteilung \u00fcberlastet! Haben Sie zu viel Fluktuation schon in der fr\u00fchen Einstiegsphase neuer Mitarbeiter? In diesem Tipp des Monats erfahren Sie, wie andere Unternehmen dies nicht nur verhindern, sondern sich einen Vorteil im Bewerbermarkt verschaffen und ihre Mitarbeiter fest an sich binden. Das [&hellip;]\" \/>\n<meta property=\"og:url\" content=\"https:\/\/iconcare.eu\/index.php\/tipp-des-monats-oktober-2025\/\" \/>\n<meta property=\"og:site_name\" content=\"iconcare GmbH - Interlinked Consulting and Controlling for Healthcare - created by BInovis and Visality\" \/>\n<meta property=\"article:modified_time\" content=\"2025-10-02T15:09:26+00:00\" \/>\n<meta name=\"twitter:card\" content=\"summary_large_image\" \/>\n<meta name=\"twitter:label1\" content=\"Gesch\u00e4tzte Lesezeit\" \/>\n\t<meta name=\"twitter:data1\" content=\"5\u00a0Minuten\" \/>\n<script type=\"application\/ld+json\" class=\"yoast-schema-graph\">{\"@context\":\"https:\\\/\\\/schema.org\",\"@graph\":[{\"@type\":\"WebPage\",\"@id\":\"https:\\\/\\\/iconcare.eu\\\/index.php\\\/tipp-des-monats-oktober-2025\\\/\",\"url\":\"https:\\\/\\\/iconcare.eu\\\/index.php\\\/tipp-des-monats-oktober-2025\\\/\",\"name\":\"Tipp des Monats Oktober 2025 - iconcare GmbH - Interlinked Consulting and Controlling for Healthcare - created by BInovis and Visality\",\"isPartOf\":{\"@id\":\"https:\\\/\\\/iconcare.eu\\\/#website\"},\"datePublished\":\"2025-10-02T14:29:04+00:00\",\"dateModified\":\"2025-10-02T15:09:26+00:00\",\"breadcrumb\":{\"@id\":\"https:\\\/\\\/iconcare.eu\\\/index.php\\\/tipp-des-monats-oktober-2025\\\/#breadcrumb\"},\"inLanguage\":\"de\",\"potentialAction\":[{\"@type\":\"ReadAction\",\"target\":[\"https:\\\/\\\/iconcare.eu\\\/index.php\\\/tipp-des-monats-oktober-2025\\\/\"]}]},{\"@type\":\"BreadcrumbList\",\"@id\":\"https:\\\/\\\/iconcare.eu\\\/index.php\\\/tipp-des-monats-oktober-2025\\\/#breadcrumb\",\"itemListElement\":[{\"@type\":\"ListItem\",\"position\":1,\"name\":\"Startseite\",\"item\":\"https:\\\/\\\/iconcare.eu\\\/\"},{\"@type\":\"ListItem\",\"position\":2,\"name\":\"Tipp des Monats Oktober 2025\"}]},{\"@type\":\"WebSite\",\"@id\":\"https:\\\/\\\/iconcare.eu\\\/#website\",\"url\":\"https:\\\/\\\/iconcare.eu\\\/\",\"name\":\"iconcare GmbH - Interlinked Consulting and Controlling for Healthcare - created by BInovis and Visality\",\"description\":\"Website mit Informationen rund um die Firma iconcare, Branchen, Kompetenzen und Referenzen\",\"publisher\":{\"@id\":\"https:\\\/\\\/iconcare.eu\\\/#organization\"},\"potentialAction\":[{\"@type\":\"SearchAction\",\"target\":{\"@type\":\"EntryPoint\",\"urlTemplate\":\"https:\\\/\\\/iconcare.eu\\\/?s={search_term_string}\"},\"query-input\":{\"@type\":\"PropertyValueSpecification\",\"valueRequired\":true,\"valueName\":\"search_term_string\"}}],\"inLanguage\":\"de\"},{\"@type\":\"Organization\",\"@id\":\"https:\\\/\\\/iconcare.eu\\\/#organization\",\"name\":\"Visality Consulting GmbH\",\"url\":\"https:\\\/\\\/iconcare.eu\\\/\",\"logo\":{\"@type\":\"ImageObject\",\"inLanguage\":\"de\",\"@id\":\"https:\\\/\\\/iconcare.eu\\\/#\\\/schema\\\/logo\\\/image\\\/\",\"url\":\"https:\\\/\\\/iconcare.eu\\\/wp-content\\\/uploads\\\/2020\\\/02\\\/Visality_Vektor_einfarbig_20200228.png\",\"contentUrl\":\"https:\\\/\\\/iconcare.eu\\\/wp-content\\\/uploads\\\/2020\\\/02\\\/Visality_Vektor_einfarbig_20200228.png\",\"width\":5547,\"height\":4036,\"caption\":\"Visality Consulting GmbH\"},\"image\":{\"@id\":\"https:\\\/\\\/iconcare.eu\\\/#\\\/schema\\\/logo\\\/image\\\/\"}}]}<\/script>\n<!-- \/ Yoast SEO plugin. -->","yoast_head_json":{"title":"Tipp des Monats Oktober 2025 - iconcare GmbH - Interlinked Consulting and Controlling for Healthcare - created by BInovis and Visality","robots":{"index":"index","follow":"follow","max-snippet":"max-snippet:-1","max-image-preview":"max-image-preview:large","max-video-preview":"max-video-preview:-1"},"canonical":"https:\/\/iconcare.eu\/index.php\/tipp-des-monats-oktober-2025\/","og_locale":"de_DE","og_type":"article","og_title":"Tipp des Monats Oktober 2025 - iconcare GmbH - Interlinked Consulting and Controlling for Healthcare - created by BInovis and Visality","og_description":"Tipp des Monats Kein professionelles Onboarding \u2013 und gerade deshalb ist Ihre HR-Abteilung \u00fcberlastet! Haben Sie zu viel Fluktuation schon in der fr\u00fchen Einstiegsphase neuer Mitarbeiter? In diesem Tipp des Monats erfahren Sie, wie andere Unternehmen dies nicht nur verhindern, sondern sich einen Vorteil im Bewerbermarkt verschaffen und ihre Mitarbeiter fest an sich binden. Das [&hellip;]","og_url":"https:\/\/iconcare.eu\/index.php\/tipp-des-monats-oktober-2025\/","og_site_name":"iconcare GmbH - Interlinked Consulting and Controlling for Healthcare - created by BInovis and Visality","article_modified_time":"2025-10-02T15:09:26+00:00","twitter_card":"summary_large_image","twitter_misc":{"Gesch\u00e4tzte Lesezeit":"5\u00a0Minuten"},"schema":{"@context":"https:\/\/schema.org","@graph":[{"@type":"WebPage","@id":"https:\/\/iconcare.eu\/index.php\/tipp-des-monats-oktober-2025\/","url":"https:\/\/iconcare.eu\/index.php\/tipp-des-monats-oktober-2025\/","name":"Tipp des Monats Oktober 2025 - iconcare GmbH - Interlinked Consulting and Controlling for Healthcare - created by BInovis and Visality","isPartOf":{"@id":"https:\/\/iconcare.eu\/#website"},"datePublished":"2025-10-02T14:29:04+00:00","dateModified":"2025-10-02T15:09:26+00:00","breadcrumb":{"@id":"https:\/\/iconcare.eu\/index.php\/tipp-des-monats-oktober-2025\/#breadcrumb"},"inLanguage":"de","potentialAction":[{"@type":"ReadAction","target":["https:\/\/iconcare.eu\/index.php\/tipp-des-monats-oktober-2025\/"]}]},{"@type":"BreadcrumbList","@id":"https:\/\/iconcare.eu\/index.php\/tipp-des-monats-oktober-2025\/#breadcrumb","itemListElement":[{"@type":"ListItem","position":1,"name":"Startseite","item":"https:\/\/iconcare.eu\/"},{"@type":"ListItem","position":2,"name":"Tipp des Monats Oktober 2025"}]},{"@type":"WebSite","@id":"https:\/\/iconcare.eu\/#website","url":"https:\/\/iconcare.eu\/","name":"iconcare GmbH - Interlinked Consulting and Controlling for Healthcare - created by BInovis and Visality","description":"Website mit Informationen rund um die Firma iconcare, Branchen, Kompetenzen und Referenzen","publisher":{"@id":"https:\/\/iconcare.eu\/#organization"},"potentialAction":[{"@type":"SearchAction","target":{"@type":"EntryPoint","urlTemplate":"https:\/\/iconcare.eu\/?s={search_term_string}"},"query-input":{"@type":"PropertyValueSpecification","valueRequired":true,"valueName":"search_term_string"}}],"inLanguage":"de"},{"@type":"Organization","@id":"https:\/\/iconcare.eu\/#organization","name":"Visality Consulting GmbH","url":"https:\/\/iconcare.eu\/","logo":{"@type":"ImageObject","inLanguage":"de","@id":"https:\/\/iconcare.eu\/#\/schema\/logo\/image\/","url":"https:\/\/iconcare.eu\/wp-content\/uploads\/2020\/02\/Visality_Vektor_einfarbig_20200228.png","contentUrl":"https:\/\/iconcare.eu\/wp-content\/uploads\/2020\/02\/Visality_Vektor_einfarbig_20200228.png","width":5547,"height":4036,"caption":"Visality Consulting GmbH"},"image":{"@id":"https:\/\/iconcare.eu\/#\/schema\/logo\/image\/"}}]}},"_links":{"self":[{"href":"https:\/\/iconcare.eu\/index.php\/wp-json\/wp\/v2\/pages\/8754","targetHints":{"allow":["GET"]}}],"collection":[{"href":"https:\/\/iconcare.eu\/index.php\/wp-json\/wp\/v2\/pages"}],"about":[{"href":"https:\/\/iconcare.eu\/index.php\/wp-json\/wp\/v2\/types\/page"}],"author":[{"embeddable":true,"href":"https:\/\/iconcare.eu\/index.php\/wp-json\/wp\/v2\/users\/1"}],"replies":[{"embeddable":true,"href":"https:\/\/iconcare.eu\/index.php\/wp-json\/wp\/v2\/comments?post=8754"}],"version-history":[{"count":25,"href":"https:\/\/iconcare.eu\/index.php\/wp-json\/wp\/v2\/pages\/8754\/revisions"}],"predecessor-version":[{"id":8794,"href":"https:\/\/iconcare.eu\/index.php\/wp-json\/wp\/v2\/pages\/8754\/revisions\/8794"}],"wp:attachment":[{"href":"https:\/\/iconcare.eu\/index.php\/wp-json\/wp\/v2\/media?parent=8754"}],"curies":[{"name":"wp","href":"https:\/\/api.w.org\/{rel}","templated":true}]}}