{"id":8059,"date":"2024-04-29T10:38:19","date_gmt":"2024-04-29T08:38:19","guid":{"rendered":"https:\/\/iconcare.eu\/?page_id=8059"},"modified":"2024-04-29T10:44:35","modified_gmt":"2024-04-29T08:44:35","slug":"aktuelles-3-2","status":"publish","type":"page","link":"https:\/\/iconcare.eu\/index.php\/aktuelles-3-2\/","title":{"rendered":"Aktuelles (3)"},"content":{"rendered":"\t\t<div data-elementor-type=\"wp-post\" data-elementor-id=\"8059\" class=\"elementor elementor-8059\">\n\t\t\t\t\t\t<section class=\"elementor-section elementor-top-section elementor-element elementor-element-6e4a05f9 elementor-section-boxed elementor-section-height-default elementor-section-height-default elementor-invisible\" data-id=\"6e4a05f9\" data-element_type=\"section\" data-e-type=\"section\" data-settings=\"{&quot;background_background&quot;:&quot;classic&quot;,&quot;animation&quot;:&quot;fadeInDown&quot;,&quot;shape_divider_bottom&quot;:&quot;opacity-tilt&quot;}\">\n\t\t\t\t\t\t\t<div class=\"elementor-background-overlay\"><\/div>\n\t\t\t\t\t\t<div class=\"elementor-shape elementor-shape-bottom\" aria-hidden=\"true\" data-negative=\"false\">\n\t\t\t<svg xmlns=\"http:\/\/www.w3.org\/2000\/svg\" viewBox=\"0 0 2600 131.1\" preserveAspectRatio=\"none\">\n\t<path class=\"elementor-shape-fill\" d=\"M0 0L2600 0 2600 69.1 0 0z\"\/>\n\t<path class=\"elementor-shape-fill\" style=\"opacity:0.5\" d=\"M0 0L2600 0 2600 69.1 0 69.1z\"\/>\n\t<path class=\"elementor-shape-fill\" style=\"opacity:0.25\" d=\"M2600 0L0 0 0 130.1 2600 69.1z\"\/>\n<\/svg>\t\t<\/div>\n\t\t\t\t\t<div class=\"elementor-container elementor-column-gap-default\">\n\t\t\t\t\t<div class=\"elementor-column elementor-col-33 elementor-top-column elementor-element elementor-element-161ee7f2\" data-id=\"161ee7f2\" data-element_type=\"column\" data-e-type=\"column\">\n\t\t\t<div class=\"elementor-widget-wrap\">\n\t\t\t\t\t\t\t<\/div>\n\t\t<\/div>\n\t\t\t\t<div class=\"elementor-column elementor-col-33 elementor-top-column elementor-element elementor-element-59531c3d\" data-id=\"59531c3d\" data-element_type=\"column\" data-e-type=\"column\">\n\t\t\t<div class=\"elementor-widget-wrap elementor-element-populated\">\n\t\t\t\t\t\t<div class=\"elementor-element elementor-element-78f168d8 elementor-widget elementor-widget-heading\" data-id=\"78f168d8\" data-element_type=\"widget\" data-e-type=\"widget\" data-widget_type=\"heading.default\">\n\t\t\t\t<div class=\"elementor-widget-container\">\n\t\t\t\t\t<h1 class=\"elementor-heading-title elementor-size-default\">Aktuelles<\/h1>\t\t\t\t<\/div>\n\t\t\t\t<\/div>\n\t\t\t\t\t<\/div>\n\t\t<\/div>\n\t\t\t\t<div class=\"elementor-column elementor-col-33 elementor-top-column elementor-element elementor-element-27d8042c\" data-id=\"27d8042c\" data-element_type=\"column\" data-e-type=\"column\">\n\t\t\t<div class=\"elementor-widget-wrap\">\n\t\t\t\t\t\t\t<\/div>\n\t\t<\/div>\n\t\t\t\t\t<\/div>\n\t\t<\/section>\n\t\t\t\t<section class=\"elementor-section elementor-top-section elementor-element elementor-element-syvw4vv elementor-section-content-top elementor-section-boxed elementor-section-height-default elementor-section-height-default\" data-id=\"syvw4vv\" data-element_type=\"section\" data-e-type=\"section\">\n\t\t\t\t\t\t<div class=\"elementor-container elementor-column-gap-default\">\n\t\t\t\t\t<div class=\"elementor-column elementor-col-100 elementor-top-column elementor-element elementor-element-lpief2b\" data-id=\"lpief2b\" data-element_type=\"column\" data-e-type=\"column\">\n\t\t\t<div class=\"elementor-widget-wrap elementor-element-populated\">\n\t\t\t\t\t\t<div class=\"elementor-element elementor-element-yq4s4yk elementor-widget elementor-widget-heading\" data-id=\"yq4s4yk\" data-element_type=\"widget\" data-e-type=\"widget\" data-widget_type=\"heading.default\">\n\t\t\t\t<div class=\"elementor-widget-container\">\n\t\t\t\t\t<h3 class=\"elementor-heading-title elementor-size-default\">Wie gut nutzen Sie Ihre digitale Infrastruktur? - So beseitigen Sie den blinden Fleck des Digitalradars!<\/h3>\t\t\t\t<\/div>\n\t\t\t\t<\/div>\n\t\t\t\t<div class=\"elementor-element elementor-element-d0d05f5 elementor-widget elementor-widget-text-editor\" data-id=\"d0d05f5\" data-element_type=\"widget\" data-e-type=\"widget\" data-widget_type=\"text-editor.default\">\n\t\t\t\t<div class=\"elementor-widget-container\">\n\t\t\t\t\t\t\t\t\tKrankenh\u00e4user, die \u00fcber KHZG gef\u00f6rderte Investitionen in die Digitalisierung vorgenommen haben, m\u00fcssen bis 30. Juni 2024 erneut den Reifegrad der Digitalisierung messen lassen und an der Erhebung zum Digitalradar Krankenhaus teilnehmen. \n\nDie Teilnehmer bekommen eine R\u00fcckmeldung, wie gut ihre IT-Infrastruktur auf die Anforderungen der Zukunft vorbereitet ist. Der Digitalradar zeigt allerdings nicht, wie gut die IT-Infrastruktur genutzt wird, um Wirtschaftlichkeit, Behandlungsqualit\u00e4t und Mitarbeiterzufriedenheit sicherzustellen. Um diesen blinden Fleck zu beseitigen, haben Visality Consulting und iconcare ein wissenschaftlich fundiertes Verfahren zur Bewertung des digitalen Reifegrades der Prozesssteuerung entwickelt. \u00dcber einen online-Fragenkatalog wird der Entwicklungsstand zu 10 verschiedenen Bewertungsfeldern erhoben und in f\u00fcnf Stufen eingruppiert.\t\t\t\t\t\t\t\t<\/div>\n\t\t\t\t<\/div>\n\t\t\t\t<section class=\"elementor-section elementor-inner-section elementor-element elementor-element-f0f25f1 elementor-section-boxed elementor-section-height-default elementor-section-height-default\" data-id=\"f0f25f1\" data-element_type=\"section\" data-e-type=\"section\">\n\t\t\t\t\t\t<div class=\"elementor-container elementor-column-gap-default\">\n\t\t\t\t\t<div class=\"elementor-column elementor-col-100 elementor-inner-column elementor-element elementor-element-24e8141\" data-id=\"24e8141\" data-element_type=\"column\" data-e-type=\"column\">\n\t\t\t<div class=\"elementor-widget-wrap elementor-element-populated\">\n\t\t\t\t\t\t<div class=\"elementor-element elementor-element-2158416 elementor-widget elementor-widget-image\" data-id=\"2158416\" data-element_type=\"widget\" data-e-type=\"widget\" data-widget_type=\"image.default\">\n\t\t\t\t<div class=\"elementor-widget-container\">\n\t\t\t\t\t\t\t\t\t\t\t\t\t\t\t<img fetchpriority=\"high\" decoding=\"async\" width=\"453\" height=\"265\" src=\"https:\/\/iconcare.eu\/wp-content\/uploads\/2024\/04\/Reifegrad_1.jpg\" class=\"attachment-medium_large size-medium_large wp-image-8062\" alt=\"\" srcset=\"https:\/\/iconcare.eu\/wp-content\/uploads\/2024\/04\/Reifegrad_1.jpg 453w, https:\/\/iconcare.eu\/wp-content\/uploads\/2024\/04\/Reifegrad_1-300x175.jpg 300w\" sizes=\"(max-width: 453px) 100vw, 453px\" \/>\t\t\t\t\t\t\t\t\t\t\t\t\t\t\t<\/div>\n\t\t\t\t<\/div>\n\t\t\t\t\t<\/div>\n\t\t<\/div>\n\t\t\t\t\t<\/div>\n\t\t<\/section>\n\t\t\t\t<div class=\"elementor-element elementor-element-ac6de2e elementor-widget elementor-widget-spacer\" data-id=\"ac6de2e\" data-element_type=\"widget\" data-e-type=\"widget\" data-widget_type=\"spacer.default\">\n\t\t\t\t<div class=\"elementor-widget-container\">\n\t\t\t\t\t\t\t<div class=\"elementor-spacer\">\n\t\t\t<div class=\"elementor-spacer-inner\"><\/div>\n\t\t<\/div>\n\t\t\t\t\t\t<\/div>\n\t\t\t\t<\/div>\n\t\t\t\t<div class=\"elementor-element elementor-element-g5eep3y elementor-widget elementor-widget-text-editor\" data-id=\"g5eep3y\" data-element_type=\"widget\" data-e-type=\"widget\" data-widget_type=\"text-editor.default\">\n\t\t\t\t<div class=\"elementor-widget-container\">\n\t\t\t\t\t\t\t\t\tJedes teilnehmende Krankenhaus erh\u00e4lt als Auswertung eine differenzierte Darstellung der Einstufung f\u00fcr alle 10 Felder im Vergleich mit einem realistischen Zielbild und mit den anderen Teilnehmern. Dabei werden alle Teilprozesse der Patientenversorgung von der Aufnahme bis zur Entlassung danach bewertet, wie gut die am Markt verf\u00fcgbaren digitalen Werkzeuge zur effizienten Patientenversorgung genutzt werden.\t\t\t\t\t\t\t\t<\/div>\n\t\t\t\t<\/div>\n\t\t\t\t<section class=\"elementor-section elementor-inner-section elementor-element elementor-element-2ed287c elementor-section-boxed elementor-section-height-default elementor-section-height-default\" data-id=\"2ed287c\" data-element_type=\"section\" data-e-type=\"section\">\n\t\t\t\t\t\t<div class=\"elementor-container elementor-column-gap-default\">\n\t\t\t\t\t<div class=\"elementor-column elementor-col-100 elementor-inner-column elementor-element elementor-element-6665ea3\" data-id=\"6665ea3\" data-element_type=\"column\" data-e-type=\"column\">\n\t\t\t<div class=\"elementor-widget-wrap elementor-element-populated\">\n\t\t\t\t\t\t<div class=\"elementor-element elementor-element-bfea6af elementor-widget elementor-widget-image\" data-id=\"bfea6af\" data-element_type=\"widget\" data-e-type=\"widget\" data-widget_type=\"image.default\">\n\t\t\t\t<div class=\"elementor-widget-container\">\n\t\t\t\t\t\t\t\t\t\t\t\t\t\t\t<img decoding=\"async\" width=\"454\" height=\"313\" src=\"https:\/\/iconcare.eu\/wp-content\/uploads\/2024\/04\/Reifegrad_2.jpg\" class=\"attachment-large size-large wp-image-8063\" alt=\"\" srcset=\"https:\/\/iconcare.eu\/wp-content\/uploads\/2024\/04\/Reifegrad_2.jpg 454w, https:\/\/iconcare.eu\/wp-content\/uploads\/2024\/04\/Reifegrad_2-300x207.jpg 300w\" sizes=\"(max-width: 454px) 100vw, 454px\" \/>\t\t\t\t\t\t\t\t\t\t\t\t\t\t\t<\/div>\n\t\t\t\t<\/div>\n\t\t\t\t<div class=\"elementor-element elementor-element-ad1d264 elementor-widget elementor-widget-text-editor\" data-id=\"ad1d264\" data-element_type=\"widget\" data-e-type=\"widget\" data-widget_type=\"text-editor.default\">\n\t\t\t\t<div class=\"elementor-widget-container\">\n\t\t\t\t\t\t\t\t\t<p>In einer ersten Evaluierungsrunde haben bereits 17 Krankenh\u00e4user teilgenommen. Interessierten Krankenh\u00e4usern bieten wir jetzt an, sich mit diesen und weiteren Krankenh\u00e4usern zu benchmarken und zu erfahren, in welchen Feldern der Prozesssteuerung der gr\u00f6\u00dfte Handlungsbedarf besteht.<\/p><p>Wenn Sie an der Evaluation des digitalen Reifegrades Ihrer Prozesssteuerung teilnehmen m\u00f6chten, senden wir Ihnen gern die Teilnahmeunterlagen zu.<\/p>\t\t\t\t\t\t\t\t<\/div>\n\t\t\t\t<\/div>\n\t\t\t\t\t<\/div>\n\t\t<\/div>\n\t\t\t\t\t<\/div>\n\t\t<\/section>\n\t\t\t\t\t<\/div>\n\t\t<\/div>\n\t\t\t\t\t<\/div>\n\t\t<\/section>\n\t\t\t\t<\/div>\n\t\t","protected":false},"excerpt":{"rendered":"<p>Aktuelles Wie gut nutzen Sie Ihre digitale Infrastruktur? &#8211; So beseitigen Sie den blinden Fleck des Digitalradars! Krankenh\u00e4user, die \u00fcber KHZG gef\u00f6rderte Investitionen in die Digitalisierung vorgenommen haben, m\u00fcssen bis 30. Juni 2024 erneut den Reifegrad der Digitalisierung messen lassen und an der Erhebung zum Digitalradar Krankenhaus teilnehmen. Die Teilnehmer bekommen eine R\u00fcckmeldung, wie gut [&hellip;]<\/p>\n","protected":false},"author":1,"featured_media":0,"parent":0,"menu_order":0,"comment_status":"closed","ping_status":"closed","template":"","meta":{"site-sidebar-layout":"no-sidebar","site-content-layout":"page-builder","ast-site-content-layout":"default","site-content-style":"default","site-sidebar-style":"default","ast-global-header-display":"","ast-banner-title-visibility":"","ast-main-header-display":"","ast-hfb-above-header-display":"","ast-hfb-below-header-display":"","ast-hfb-mobile-header-display":"","site-post-title":"disabled","ast-breadcrumbs-content":"","ast-featured-img":"disabled","footer-sml-layout":"","ast-disable-related-posts":"","theme-transparent-header-meta":"default","adv-header-id-meta":"","stick-header-meta":"","header-above-stick-meta":"","header-main-stick-meta":"","header-below-stick-meta":"","astra-migrate-meta-layouts":"default","ast-page-background-enabled":"default","ast-page-background-meta":{"desktop":{"background-color":"","background-image":"","background-repeat":"repeat","background-position":"center center","background-size":"auto","background-attachment":"scroll","background-type":"","background-media":"","overlay-type":"","overlay-color":"","overlay-opacity":"","overlay-gradient":""},"tablet":{"background-color":"","background-image":"","background-repeat":"repeat","background-position":"center center","background-size":"auto","background-attachment":"scroll","background-type":"","background-media":"","overlay-type":"","overlay-color":"","overlay-opacity":"","overlay-gradient":""},"mobile":{"background-color":"","background-image":"","background-repeat":"repeat","background-position":"center center","background-size":"auto","background-attachment":"scroll","background-type":"","background-media":"","overlay-type":"","overlay-color":"","overlay-opacity":"","overlay-gradient":""}},"ast-content-background-meta":{"desktop":{"background-color":"var(--ast-global-color-5)","background-image":"","background-repeat":"repeat","background-position":"center center","background-size":"auto","background-attachment":"scroll","background-type":"","background-media":"","overlay-type":"","overlay-color":"","overlay-opacity":"","overlay-gradient":""},"tablet":{"background-color":"var(--ast-global-color-5)","background-image":"","background-repeat":"repeat","background-position":"center center","background-size":"auto","background-attachment":"scroll","background-type":"","background-media":"","overlay-type":"","overlay-color":"","overlay-opacity":"","overlay-gradient":""},"mobile":{"background-color":"var(--ast-global-color-5)","background-image":"","background-repeat":"repeat","background-position":"center center","background-size":"auto","background-attachment":"scroll","background-type":"","background-media":"","overlay-type":"","overlay-color":"","overlay-opacity":"","overlay-gradient":""}},"footnotes":""},"class_list":["post-8059","page","type-page","status-publish","hentry"],"yoast_head":"<!-- This site is optimized with the Yoast SEO plugin v27.3 - https:\/\/yoast.com\/product\/yoast-seo-wordpress\/ -->\n<title>Aktuelles (3) - iconcare GmbH - Interlinked Consulting and Controlling for Healthcare - created by BInovis and Visality<\/title>\n<meta name=\"robots\" content=\"index, follow, max-snippet:-1, max-image-preview:large, max-video-preview:-1\" \/>\n<link rel=\"canonical\" href=\"https:\/\/iconcare.eu\/index.php\/aktuelles-3-2\/\" \/>\n<meta property=\"og:locale\" content=\"de_DE\" \/>\n<meta property=\"og:type\" content=\"article\" \/>\n<meta property=\"og:title\" content=\"Aktuelles (3) - iconcare GmbH - Interlinked Consulting and Controlling for Healthcare - created by BInovis and Visality\" \/>\n<meta property=\"og:description\" content=\"Aktuelles Wie gut nutzen Sie Ihre digitale Infrastruktur? &#8211; So beseitigen Sie den blinden Fleck des Digitalradars! Krankenh\u00e4user, die \u00fcber KHZG gef\u00f6rderte Investitionen in die Digitalisierung vorgenommen haben, m\u00fcssen bis 30. Juni 2024 erneut den Reifegrad der Digitalisierung messen lassen und an der Erhebung zum Digitalradar Krankenhaus teilnehmen. Die Teilnehmer bekommen eine R\u00fcckmeldung, wie gut [&hellip;]\" \/>\n<meta property=\"og:url\" content=\"https:\/\/iconcare.eu\/index.php\/aktuelles-3-2\/\" \/>\n<meta property=\"og:site_name\" content=\"iconcare GmbH - Interlinked Consulting and Controlling for Healthcare - created by BInovis and Visality\" \/>\n<meta property=\"article:modified_time\" content=\"2024-04-29T08:44:35+00:00\" \/>\n<meta property=\"og:image\" content=\"https:\/\/iconcare.eu\/wp-content\/uploads\/2024\/04\/Reifegrad_1.jpg\" \/>\n<meta name=\"twitter:card\" content=\"summary_large_image\" \/>\n<meta name=\"twitter:label1\" content=\"Gesch\u00e4tzte Lesezeit\" \/>\n\t<meta name=\"twitter:data1\" content=\"2\u00a0Minuten\" \/>\n<script type=\"application\/ld+json\" class=\"yoast-schema-graph\">{\"@context\":\"https:\\\/\\\/schema.org\",\"@graph\":[{\"@type\":\"WebPage\",\"@id\":\"https:\\\/\\\/iconcare.eu\\\/index.php\\\/aktuelles-3-2\\\/\",\"url\":\"https:\\\/\\\/iconcare.eu\\\/index.php\\\/aktuelles-3-2\\\/\",\"name\":\"Aktuelles (3) - iconcare GmbH - Interlinked Consulting and Controlling for Healthcare - created by BInovis and Visality\",\"isPartOf\":{\"@id\":\"https:\\\/\\\/iconcare.eu\\\/#website\"},\"primaryImageOfPage\":{\"@id\":\"https:\\\/\\\/iconcare.eu\\\/index.php\\\/aktuelles-3-2\\\/#primaryimage\"},\"image\":{\"@id\":\"https:\\\/\\\/iconcare.eu\\\/index.php\\\/aktuelles-3-2\\\/#primaryimage\"},\"thumbnailUrl\":\"https:\\\/\\\/iconcare.eu\\\/wp-content\\\/uploads\\\/2024\\\/04\\\/Reifegrad_1.jpg\",\"datePublished\":\"2024-04-29T08:38:19+00:00\",\"dateModified\":\"2024-04-29T08:44:35+00:00\",\"breadcrumb\":{\"@id\":\"https:\\\/\\\/iconcare.eu\\\/index.php\\\/aktuelles-3-2\\\/#breadcrumb\"},\"inLanguage\":\"de\",\"potentialAction\":[{\"@type\":\"ReadAction\",\"target\":[\"https:\\\/\\\/iconcare.eu\\\/index.php\\\/aktuelles-3-2\\\/\"]}]},{\"@type\":\"ImageObject\",\"inLanguage\":\"de\",\"@id\":\"https:\\\/\\\/iconcare.eu\\\/index.php\\\/aktuelles-3-2\\\/#primaryimage\",\"url\":\"https:\\\/\\\/iconcare.eu\\\/wp-content\\\/uploads\\\/2024\\\/04\\\/Reifegrad_1.jpg\",\"contentUrl\":\"https:\\\/\\\/iconcare.eu\\\/wp-content\\\/uploads\\\/2024\\\/04\\\/Reifegrad_1.jpg\",\"width\":453,\"height\":265},{\"@type\":\"BreadcrumbList\",\"@id\":\"https:\\\/\\\/iconcare.eu\\\/index.php\\\/aktuelles-3-2\\\/#breadcrumb\",\"itemListElement\":[{\"@type\":\"ListItem\",\"position\":1,\"name\":\"Startseite\",\"item\":\"https:\\\/\\\/iconcare.eu\\\/\"},{\"@type\":\"ListItem\",\"position\":2,\"name\":\"Aktuelles (3)\"}]},{\"@type\":\"WebSite\",\"@id\":\"https:\\\/\\\/iconcare.eu\\\/#website\",\"url\":\"https:\\\/\\\/iconcare.eu\\\/\",\"name\":\"iconcare GmbH - Interlinked Consulting and Controlling for Healthcare - created by BInovis and Visality\",\"description\":\"Website mit Informationen rund um die Firma iconcare, Branchen, Kompetenzen und Referenzen\",\"publisher\":{\"@id\":\"https:\\\/\\\/iconcare.eu\\\/#organization\"},\"potentialAction\":[{\"@type\":\"SearchAction\",\"target\":{\"@type\":\"EntryPoint\",\"urlTemplate\":\"https:\\\/\\\/iconcare.eu\\\/?s={search_term_string}\"},\"query-input\":{\"@type\":\"PropertyValueSpecification\",\"valueRequired\":true,\"valueName\":\"search_term_string\"}}],\"inLanguage\":\"de\"},{\"@type\":\"Organization\",\"@id\":\"https:\\\/\\\/iconcare.eu\\\/#organization\",\"name\":\"Visality Consulting GmbH\",\"url\":\"https:\\\/\\\/iconcare.eu\\\/\",\"logo\":{\"@type\":\"ImageObject\",\"inLanguage\":\"de\",\"@id\":\"https:\\\/\\\/iconcare.eu\\\/#\\\/schema\\\/logo\\\/image\\\/\",\"url\":\"https:\\\/\\\/iconcare.eu\\\/wp-content\\\/uploads\\\/2020\\\/02\\\/Visality_Vektor_einfarbig_20200228.png\",\"contentUrl\":\"https:\\\/\\\/iconcare.eu\\\/wp-content\\\/uploads\\\/2020\\\/02\\\/Visality_Vektor_einfarbig_20200228.png\",\"width\":5547,\"height\":4036,\"caption\":\"Visality Consulting GmbH\"},\"image\":{\"@id\":\"https:\\\/\\\/iconcare.eu\\\/#\\\/schema\\\/logo\\\/image\\\/\"}}]}<\/script>\n<!-- \/ Yoast SEO plugin. -->","yoast_head_json":{"title":"Aktuelles (3) - iconcare GmbH - Interlinked Consulting and Controlling for Healthcare - created by BInovis and Visality","robots":{"index":"index","follow":"follow","max-snippet":"max-snippet:-1","max-image-preview":"max-image-preview:large","max-video-preview":"max-video-preview:-1"},"canonical":"https:\/\/iconcare.eu\/index.php\/aktuelles-3-2\/","og_locale":"de_DE","og_type":"article","og_title":"Aktuelles (3) - iconcare GmbH - Interlinked Consulting and Controlling for Healthcare - created by BInovis and Visality","og_description":"Aktuelles Wie gut nutzen Sie Ihre digitale Infrastruktur? &#8211; So beseitigen Sie den blinden Fleck des Digitalradars! Krankenh\u00e4user, die \u00fcber KHZG gef\u00f6rderte Investitionen in die Digitalisierung vorgenommen haben, m\u00fcssen bis 30. Juni 2024 erneut den Reifegrad der Digitalisierung messen lassen und an der Erhebung zum Digitalradar Krankenhaus teilnehmen. Die Teilnehmer bekommen eine R\u00fcckmeldung, wie gut [&hellip;]","og_url":"https:\/\/iconcare.eu\/index.php\/aktuelles-3-2\/","og_site_name":"iconcare GmbH - Interlinked Consulting and Controlling for Healthcare - created by BInovis and Visality","article_modified_time":"2024-04-29T08:44:35+00:00","og_image":[{"url":"https:\/\/iconcare.eu\/wp-content\/uploads\/2024\/04\/Reifegrad_1.jpg","type":"","width":"","height":""}],"twitter_card":"summary_large_image","twitter_misc":{"Gesch\u00e4tzte Lesezeit":"2\u00a0Minuten"},"schema":{"@context":"https:\/\/schema.org","@graph":[{"@type":"WebPage","@id":"https:\/\/iconcare.eu\/index.php\/aktuelles-3-2\/","url":"https:\/\/iconcare.eu\/index.php\/aktuelles-3-2\/","name":"Aktuelles (3) - iconcare GmbH - Interlinked Consulting and Controlling for Healthcare - created by BInovis and Visality","isPartOf":{"@id":"https:\/\/iconcare.eu\/#website"},"primaryImageOfPage":{"@id":"https:\/\/iconcare.eu\/index.php\/aktuelles-3-2\/#primaryimage"},"image":{"@id":"https:\/\/iconcare.eu\/index.php\/aktuelles-3-2\/#primaryimage"},"thumbnailUrl":"https:\/\/iconcare.eu\/wp-content\/uploads\/2024\/04\/Reifegrad_1.jpg","datePublished":"2024-04-29T08:38:19+00:00","dateModified":"2024-04-29T08:44:35+00:00","breadcrumb":{"@id":"https:\/\/iconcare.eu\/index.php\/aktuelles-3-2\/#breadcrumb"},"inLanguage":"de","potentialAction":[{"@type":"ReadAction","target":["https:\/\/iconcare.eu\/index.php\/aktuelles-3-2\/"]}]},{"@type":"ImageObject","inLanguage":"de","@id":"https:\/\/iconcare.eu\/index.php\/aktuelles-3-2\/#primaryimage","url":"https:\/\/iconcare.eu\/wp-content\/uploads\/2024\/04\/Reifegrad_1.jpg","contentUrl":"https:\/\/iconcare.eu\/wp-content\/uploads\/2024\/04\/Reifegrad_1.jpg","width":453,"height":265},{"@type":"BreadcrumbList","@id":"https:\/\/iconcare.eu\/index.php\/aktuelles-3-2\/#breadcrumb","itemListElement":[{"@type":"ListItem","position":1,"name":"Startseite","item":"https:\/\/iconcare.eu\/"},{"@type":"ListItem","position":2,"name":"Aktuelles (3)"}]},{"@type":"WebSite","@id":"https:\/\/iconcare.eu\/#website","url":"https:\/\/iconcare.eu\/","name":"iconcare GmbH - Interlinked Consulting and Controlling for Healthcare - created by BInovis and Visality","description":"Website mit Informationen rund um die Firma iconcare, Branchen, Kompetenzen und Referenzen","publisher":{"@id":"https:\/\/iconcare.eu\/#organization"},"potentialAction":[{"@type":"SearchAction","target":{"@type":"EntryPoint","urlTemplate":"https:\/\/iconcare.eu\/?s={search_term_string}"},"query-input":{"@type":"PropertyValueSpecification","valueRequired":true,"valueName":"search_term_string"}}],"inLanguage":"de"},{"@type":"Organization","@id":"https:\/\/iconcare.eu\/#organization","name":"Visality Consulting GmbH","url":"https:\/\/iconcare.eu\/","logo":{"@type":"ImageObject","inLanguage":"de","@id":"https:\/\/iconcare.eu\/#\/schema\/logo\/image\/","url":"https:\/\/iconcare.eu\/wp-content\/uploads\/2020\/02\/Visality_Vektor_einfarbig_20200228.png","contentUrl":"https:\/\/iconcare.eu\/wp-content\/uploads\/2020\/02\/Visality_Vektor_einfarbig_20200228.png","width":5547,"height":4036,"caption":"Visality Consulting GmbH"},"image":{"@id":"https:\/\/iconcare.eu\/#\/schema\/logo\/image\/"}}]}},"_links":{"self":[{"href":"https:\/\/iconcare.eu\/index.php\/wp-json\/wp\/v2\/pages\/8059","targetHints":{"allow":["GET"]}}],"collection":[{"href":"https:\/\/iconcare.eu\/index.php\/wp-json\/wp\/v2\/pages"}],"about":[{"href":"https:\/\/iconcare.eu\/index.php\/wp-json\/wp\/v2\/types\/page"}],"author":[{"embeddable":true,"href":"https:\/\/iconcare.eu\/index.php\/wp-json\/wp\/v2\/users\/1"}],"replies":[{"embeddable":true,"href":"https:\/\/iconcare.eu\/index.php\/wp-json\/wp\/v2\/comments?post=8059"}],"version-history":[{"count":7,"href":"https:\/\/iconcare.eu\/index.php\/wp-json\/wp\/v2\/pages\/8059\/revisions"}],"predecessor-version":[{"id":8069,"href":"https:\/\/iconcare.eu\/index.php\/wp-json\/wp\/v2\/pages\/8059\/revisions\/8069"}],"wp:attachment":[{"href":"https:\/\/iconcare.eu\/index.php\/wp-json\/wp\/v2\/media?parent=8059"}],"curies":[{"name":"wp","href":"https:\/\/api.w.org\/{rel}","templated":true}]}}