{"id":7868,"date":"2023-07-14T12:29:58","date_gmt":"2023-07-14T10:29:58","guid":{"rendered":"https:\/\/iconcare.eu\/?page_id=7868"},"modified":"2023-07-14T12:35:18","modified_gmt":"2023-07-14T10:35:18","slug":"aktuelles-3","status":"publish","type":"page","link":"https:\/\/iconcare.eu\/index.php\/aktuelles-3\/","title":{"rendered":"Aktuelles (3)"},"content":{"rendered":"\t\t<div data-elementor-type=\"wp-post\" data-elementor-id=\"7868\" class=\"elementor elementor-7868\">\n\t\t\t\t\t\t<section class=\"elementor-section elementor-top-section elementor-element elementor-element-6e4a05f9 elementor-section-boxed elementor-section-height-default elementor-section-height-default elementor-invisible\" data-id=\"6e4a05f9\" data-element_type=\"section\" data-e-type=\"section\" data-settings=\"{&quot;background_background&quot;:&quot;classic&quot;,&quot;animation&quot;:&quot;fadeInDown&quot;,&quot;shape_divider_bottom&quot;:&quot;opacity-tilt&quot;}\">\n\t\t\t\t\t\t\t<div class=\"elementor-background-overlay\"><\/div>\n\t\t\t\t\t\t<div class=\"elementor-shape elementor-shape-bottom\" aria-hidden=\"true\" data-negative=\"false\">\n\t\t\t<svg xmlns=\"http:\/\/www.w3.org\/2000\/svg\" viewBox=\"0 0 2600 131.1\" preserveAspectRatio=\"none\">\n\t<path class=\"elementor-shape-fill\" d=\"M0 0L2600 0 2600 69.1 0 0z\"\/>\n\t<path class=\"elementor-shape-fill\" style=\"opacity:0.5\" d=\"M0 0L2600 0 2600 69.1 0 69.1z\"\/>\n\t<path class=\"elementor-shape-fill\" style=\"opacity:0.25\" d=\"M2600 0L0 0 0 130.1 2600 69.1z\"\/>\n<\/svg>\t\t<\/div>\n\t\t\t\t\t<div class=\"elementor-container elementor-column-gap-default\">\n\t\t\t\t\t<div class=\"elementor-column elementor-col-33 elementor-top-column elementor-element elementor-element-161ee7f2\" data-id=\"161ee7f2\" data-element_type=\"column\" data-e-type=\"column\">\n\t\t\t<div class=\"elementor-widget-wrap\">\n\t\t\t\t\t\t\t<\/div>\n\t\t<\/div>\n\t\t\t\t<div class=\"elementor-column elementor-col-33 elementor-top-column elementor-element elementor-element-59531c3d\" data-id=\"59531c3d\" data-element_type=\"column\" data-e-type=\"column\">\n\t\t\t<div class=\"elementor-widget-wrap elementor-element-populated\">\n\t\t\t\t\t\t<div class=\"elementor-element elementor-element-78f168d8 elementor-widget elementor-widget-heading\" data-id=\"78f168d8\" data-element_type=\"widget\" data-e-type=\"widget\" data-widget_type=\"heading.default\">\n\t\t\t\t<div class=\"elementor-widget-container\">\n\t\t\t\t\t<h1 class=\"elementor-heading-title elementor-size-default\">Aktuelles<\/h1>\t\t\t\t<\/div>\n\t\t\t\t<\/div>\n\t\t\t\t\t<\/div>\n\t\t<\/div>\n\t\t\t\t<div class=\"elementor-column elementor-col-33 elementor-top-column elementor-element elementor-element-27d8042c\" data-id=\"27d8042c\" data-element_type=\"column\" data-e-type=\"column\">\n\t\t\t<div class=\"elementor-widget-wrap\">\n\t\t\t\t\t\t\t<\/div>\n\t\t<\/div>\n\t\t\t\t\t<\/div>\n\t\t<\/section>\n\t\t\t\t<section class=\"elementor-section elementor-top-section elementor-element elementor-element-syvw4vv elementor-section-content-top elementor-section-boxed elementor-section-height-default elementor-section-height-default\" data-id=\"syvw4vv\" data-element_type=\"section\" data-e-type=\"section\">\n\t\t\t\t\t\t<div class=\"elementor-container elementor-column-gap-default\">\n\t\t\t\t\t<div class=\"elementor-column elementor-col-100 elementor-top-column elementor-element elementor-element-lpief2b\" data-id=\"lpief2b\" data-element_type=\"column\" data-e-type=\"column\">\n\t\t\t<div class=\"elementor-widget-wrap elementor-element-populated\">\n\t\t\t\t\t\t<div class=\"elementor-element elementor-element-yq4s4yk elementor-widget elementor-widget-heading\" data-id=\"yq4s4yk\" data-element_type=\"widget\" data-e-type=\"widget\" data-widget_type=\"heading.default\">\n\t\t\t\t<div class=\"elementor-widget-container\">\n\t\t\t\t\t<h3 class=\"elementor-heading-title elementor-size-default\">NEU: ZNA-Benchmark auch f\u00fcr kleinere Krankenh\u00e4user: unkompliziert - preisg\u00fcnstig - auf Patienten- und Mitarbeiterzufriedenheit fokussiert<\/h3>\t\t\t\t<\/div>\n\t\t\t\t<\/div>\n\t\t\t\t<section class=\"elementor-section elementor-inner-section elementor-element elementor-element-f0f25f1 elementor-section-boxed elementor-section-height-default elementor-section-height-default\" data-id=\"f0f25f1\" data-element_type=\"section\" data-e-type=\"section\">\n\t\t\t\t\t\t<div class=\"elementor-container elementor-column-gap-default\">\n\t\t\t\t\t<div class=\"elementor-column elementor-col-100 elementor-inner-column elementor-element elementor-element-24e8141\" data-id=\"24e8141\" data-element_type=\"column\" data-e-type=\"column\">\n\t\t\t<div class=\"elementor-widget-wrap elementor-element-populated\">\n\t\t\t\t\t\t<div class=\"elementor-element elementor-element-2158416 elementor-widget elementor-widget-image\" data-id=\"2158416\" data-element_type=\"widget\" data-e-type=\"widget\" data-widget_type=\"image.default\">\n\t\t\t\t<div class=\"elementor-widget-container\">\n\t\t\t\t\t\t\t\t\t\t\t\t\t\t\t<img fetchpriority=\"high\" decoding=\"async\" width=\"768\" height=\"413\" src=\"https:\/\/iconcare.eu\/wp-content\/uploads\/2023\/07\/ZNA-Benchmark-768x413.png\" class=\"attachment-medium_large size-medium_large wp-image-7867\" alt=\"\" srcset=\"https:\/\/iconcare.eu\/wp-content\/uploads\/2023\/07\/ZNA-Benchmark-768x413.png 768w, https:\/\/iconcare.eu\/wp-content\/uploads\/2023\/07\/ZNA-Benchmark-300x161.png 300w, https:\/\/iconcare.eu\/wp-content\/uploads\/2023\/07\/ZNA-Benchmark-1024x550.png 1024w, https:\/\/iconcare.eu\/wp-content\/uploads\/2023\/07\/ZNA-Benchmark.png 1480w\" sizes=\"(max-width: 768px) 100vw, 768px\" \/>\t\t\t\t\t\t\t\t\t\t\t\t\t\t\t<\/div>\n\t\t\t\t<\/div>\n\t\t\t\t\t<\/div>\n\t\t<\/div>\n\t\t\t\t\t<\/div>\n\t\t<\/section>\n\t\t\t\t<div class=\"elementor-element elementor-element-139f6a2 elementor-widget elementor-widget-spacer\" data-id=\"139f6a2\" data-element_type=\"widget\" data-e-type=\"widget\" data-widget_type=\"spacer.default\">\n\t\t\t\t<div class=\"elementor-widget-container\">\n\t\t\t\t\t\t\t<div class=\"elementor-spacer\">\n\t\t\t<div class=\"elementor-spacer-inner\"><\/div>\n\t\t<\/div>\n\t\t\t\t\t\t<\/div>\n\t\t\t\t<\/div>\n\t\t\t\t<div class=\"elementor-element elementor-element-g5eep3y elementor-widget elementor-widget-text-editor\" data-id=\"g5eep3y\" data-element_type=\"widget\" data-e-type=\"widget\" data-widget_type=\"text-editor.default\">\n\t\t\t\t<div class=\"elementor-widget-container\">\n\t\t\t\t\t\t\t\t\t<p>iconcare bietet allen Krankenh\u00e4usern in Deutschland ab sofort die Teilnahme an einem Benchmarkprojekt zu Wartezeiten, Auslastung und Mitarbeiterbelastung in ihrer zentralen Notaufnahme an. Die Datenbereitstellung ist bis 30. September 2023 m\u00f6glich. Die Benchmarkauswertung erfolgt bis 15. Dezember 2023.<\/p><p>F\u00fcr weniger als 1.000 EUR erhalten teilnehmende Krankenh\u00e4user wertvolle Antworten auf zentrale Fragen zur Patientenzufriedenheit bez\u00fcglich der H\u00e4ufigkeit, Intensit\u00e4t und Dauer von Belastungsspitzen und des Auftretens von \u00fcberlangen Wartezeiten und Aufenthaltsdauern im Vergleich mit den anderen Benchmarkteilnehmern.<\/p><p>F\u00fcr einen vierstelligen Betrag bekommt jeder Teilnehmer dar\u00fcber hinaus eine individuelle Analyse seiner Prozessdaten, aus denen sich unmittelbar Ma\u00dfnahmen zur Gl\u00e4ttung von Auslastungsschwankungen ableiten lassen.<\/p><p>V\u00f6llig neu und bundesweit einmalig ist die M\u00f6glichkeit, auch die Personalbelastung von \u00c4rzten und Pflegekr\u00e4ften in der Notaufnahme zu analysieren und zu erfahren, ob das Krankenhaus bez\u00fcglich der H\u00e4ufigkeit, Dauer und Intensit\u00e4t von \u00dcberlastsituationen im Vergleich mit anderen Krankenh\u00e4usern konkurrenzf\u00e4hig ist. Aus den individuellen Auswertungen lassen sich unmittelbar Hinweise auf notwendige Anpassungen an Schichtmodellen oder alternativen Ma\u00dfnahmen zur Vermeidung oder Begrenzung von \u00dcberlastsituationen ableiten.<\/p><p>Das ausf\u00fchrliche Teilnahmeangebot mit Datenschutzerkl\u00e4rung, Beschreibung der bereitzustellenden Daten und einem Bestellformular kann unter Angabe Ihrer Kontaktdaten per E-Mail (datenservice@iconcare.eu) bei uns angefordert werden.<\/p>\t\t\t\t\t\t\t\t<\/div>\n\t\t\t\t<\/div>\n\t\t\t\t<section class=\"elementor-section elementor-inner-section elementor-element elementor-element-2ed287c elementor-section-boxed elementor-section-height-default elementor-section-height-default\" data-id=\"2ed287c\" data-element_type=\"section\" data-e-type=\"section\">\n\t\t\t\t\t\t<div class=\"elementor-container elementor-column-gap-default\">\n\t\t\t\t\t<div class=\"elementor-column elementor-col-50 elementor-inner-column elementor-element elementor-element-6665ea3\" data-id=\"6665ea3\" data-element_type=\"column\" data-e-type=\"column\">\n\t\t\t<div class=\"elementor-widget-wrap elementor-element-populated\">\n\t\t\t\t\t\t<div class=\"elementor-element elementor-element-bfea6af elementor-widget elementor-widget-image\" data-id=\"bfea6af\" data-element_type=\"widget\" data-e-type=\"widget\" data-widget_type=\"image.default\">\n\t\t\t\t<div class=\"elementor-widget-container\">\n\t\t\t\t\t\t\t\t\t\t\t\t\t\t\t<img decoding=\"async\" width=\"1024\" height=\"706\" src=\"https:\/\/iconcare.eu\/wp-content\/uploads\/2023\/07\/95d15071_ff56_4a55_979b_756f4b999b58-1024x706.png\" class=\"attachment-large size-large wp-image-7874\" alt=\"\" srcset=\"https:\/\/iconcare.eu\/wp-content\/uploads\/2023\/07\/95d15071_ff56_4a55_979b_756f4b999b58-1024x706.png 1024w, https:\/\/iconcare.eu\/wp-content\/uploads\/2023\/07\/95d15071_ff56_4a55_979b_756f4b999b58-300x207.png 300w, https:\/\/iconcare.eu\/wp-content\/uploads\/2023\/07\/95d15071_ff56_4a55_979b_756f4b999b58-768x530.png 768w, https:\/\/iconcare.eu\/wp-content\/uploads\/2023\/07\/95d15071_ff56_4a55_979b_756f4b999b58.png 1480w\" sizes=\"(max-width: 1024px) 100vw, 1024px\" \/>\t\t\t\t\t\t\t\t\t\t\t\t\t\t\t<\/div>\n\t\t\t\t<\/div>\n\t\t\t\t\t<\/div>\n\t\t<\/div>\n\t\t\t\t<div class=\"elementor-column elementor-col-50 elementor-inner-column elementor-element elementor-element-6038725\" data-id=\"6038725\" data-element_type=\"column\" data-e-type=\"column\">\n\t\t\t<div class=\"elementor-widget-wrap elementor-element-populated\">\n\t\t\t\t\t\t<div class=\"elementor-element elementor-element-d331ab2 elementor-widget elementor-widget-image\" data-id=\"d331ab2\" data-element_type=\"widget\" data-e-type=\"widget\" data-widget_type=\"image.default\">\n\t\t\t\t<div class=\"elementor-widget-container\">\n\t\t\t\t\t\t\t\t\t\t\t\t\t\t\t<img decoding=\"async\" width=\"1024\" height=\"706\" src=\"https:\/\/iconcare.eu\/wp-content\/uploads\/2023\/07\/b9af836d_853b_4d8e_a672_16edeb624c17-1024x706.png\" class=\"attachment-large size-large wp-image-7873\" alt=\"\" srcset=\"https:\/\/iconcare.eu\/wp-content\/uploads\/2023\/07\/b9af836d_853b_4d8e_a672_16edeb624c17-1024x706.png 1024w, https:\/\/iconcare.eu\/wp-content\/uploads\/2023\/07\/b9af836d_853b_4d8e_a672_16edeb624c17-300x207.png 300w, https:\/\/iconcare.eu\/wp-content\/uploads\/2023\/07\/b9af836d_853b_4d8e_a672_16edeb624c17-768x530.png 768w, https:\/\/iconcare.eu\/wp-content\/uploads\/2023\/07\/b9af836d_853b_4d8e_a672_16edeb624c17.png 1480w\" sizes=\"(max-width: 1024px) 100vw, 1024px\" \/>\t\t\t\t\t\t\t\t\t\t\t\t\t\t\t<\/div>\n\t\t\t\t<\/div>\n\t\t\t\t\t<\/div>\n\t\t<\/div>\n\t\t\t\t\t<\/div>\n\t\t<\/section>\n\t\t\t\t\t<\/div>\n\t\t<\/div>\n\t\t\t\t\t<\/div>\n\t\t<\/section>\n\t\t\t\t<\/div>\n\t\t","protected":false},"excerpt":{"rendered":"<p>Aktuelles NEU: ZNA-Benchmark auch f\u00fcr kleinere Krankenh\u00e4user: unkompliziert &#8211; preisg\u00fcnstig &#8211; auf Patienten- und Mitarbeiterzufriedenheit fokussiert iconcare bietet allen Krankenh\u00e4usern in Deutschland ab sofort die Teilnahme an einem Benchmarkprojekt zu Wartezeiten, Auslastung und Mitarbeiterbelastung in ihrer zentralen Notaufnahme an. Die Datenbereitstellung ist bis 30. September 2023 m\u00f6glich. Die Benchmarkauswertung erfolgt bis 15. Dezember 2023. F\u00fcr [&hellip;]<\/p>\n","protected":false},"author":1,"featured_media":0,"parent":0,"menu_order":0,"comment_status":"closed","ping_status":"closed","template":"","meta":{"site-sidebar-layout":"no-sidebar","site-content-layout":"page-builder","ast-site-content-layout":"default","site-content-style":"default","site-sidebar-style":"default","ast-global-header-display":"","ast-banner-title-visibility":"","ast-main-header-display":"","ast-hfb-above-header-display":"","ast-hfb-below-header-display":"","ast-hfb-mobile-header-display":"","site-post-title":"disabled","ast-breadcrumbs-content":"","ast-featured-img":"disabled","footer-sml-layout":"","ast-disable-related-posts":"","theme-transparent-header-meta":"default","adv-header-id-meta":"","stick-header-meta":"","header-above-stick-meta":"","header-main-stick-meta":"","header-below-stick-meta":"","astra-migrate-meta-layouts":"default","ast-page-background-enabled":"default","ast-page-background-meta":{"desktop":{"background-color":"","background-image":"","background-repeat":"repeat","background-position":"center center","background-size":"auto","background-attachment":"scroll","background-type":"","background-media":"","overlay-type":"","overlay-color":"","overlay-opacity":"","overlay-gradient":""},"tablet":{"background-color":"","background-image":"","background-repeat":"repeat","background-position":"center center","background-size":"auto","background-attachment":"scroll","background-type":"","background-media":"","overlay-type":"","overlay-color":"","overlay-opacity":"","overlay-gradient":""},"mobile":{"background-color":"","background-image":"","background-repeat":"repeat","background-position":"center center","background-size":"auto","background-attachment":"scroll","background-type":"","background-media":"","overlay-type":"","overlay-color":"","overlay-opacity":"","overlay-gradient":""}},"ast-content-background-meta":{"desktop":{"background-color":"var(--ast-global-color-5)","background-image":"","background-repeat":"repeat","background-position":"center center","background-size":"auto","background-attachment":"scroll","background-type":"","background-media":"","overlay-type":"","overlay-color":"","overlay-opacity":"","overlay-gradient":""},"tablet":{"background-color":"var(--ast-global-color-5)","background-image":"","background-repeat":"repeat","background-position":"center center","background-size":"auto","background-attachment":"scroll","background-type":"","background-media":"","overlay-type":"","overlay-color":"","overlay-opacity":"","overlay-gradient":""},"mobile":{"background-color":"var(--ast-global-color-5)","background-image":"","background-repeat":"repeat","background-position":"center center","background-size":"auto","background-attachment":"scroll","background-type":"","background-media":"","overlay-type":"","overlay-color":"","overlay-opacity":"","overlay-gradient":""}},"footnotes":""},"class_list":["post-7868","page","type-page","status-publish","hentry"],"yoast_head":"<!-- This site is optimized with the Yoast SEO plugin v27.5 - https:\/\/yoast.com\/product\/yoast-seo-wordpress\/ -->\n<title>Aktuelles (3) - iconcare GmbH - Interlinked Consulting and Controlling for Healthcare - created by BInovis and Visality<\/title>\n<meta name=\"robots\" content=\"index, follow, max-snippet:-1, max-image-preview:large, max-video-preview:-1\" \/>\n<link rel=\"canonical\" href=\"https:\/\/iconcare.eu\/index.php\/aktuelles-3\/\" \/>\n<meta property=\"og:locale\" content=\"de_DE\" \/>\n<meta property=\"og:type\" content=\"article\" \/>\n<meta property=\"og:title\" content=\"Aktuelles (3) - iconcare GmbH - Interlinked Consulting and Controlling for Healthcare - created by BInovis and Visality\" \/>\n<meta property=\"og:description\" content=\"Aktuelles NEU: ZNA-Benchmark auch f\u00fcr kleinere Krankenh\u00e4user: unkompliziert &#8211; preisg\u00fcnstig &#8211; auf Patienten- und Mitarbeiterzufriedenheit fokussiert iconcare bietet allen Krankenh\u00e4usern in Deutschland ab sofort die Teilnahme an einem Benchmarkprojekt zu Wartezeiten, Auslastung und Mitarbeiterbelastung in ihrer zentralen Notaufnahme an. Die Datenbereitstellung ist bis 30. September 2023 m\u00f6glich. Die Benchmarkauswertung erfolgt bis 15. Dezember 2023. F\u00fcr [&hellip;]\" \/>\n<meta property=\"og:url\" content=\"https:\/\/iconcare.eu\/index.php\/aktuelles-3\/\" \/>\n<meta property=\"og:site_name\" content=\"iconcare GmbH - Interlinked Consulting and Controlling for Healthcare - created by BInovis and Visality\" \/>\n<meta property=\"article:modified_time\" content=\"2023-07-14T10:35:18+00:00\" \/>\n<meta property=\"og:image\" content=\"https:\/\/iconcare.eu\/wp-content\/uploads\/2023\/07\/ZNA-Benchmark-768x413.png\" \/>\n<meta name=\"twitter:card\" content=\"summary_large_image\" \/>\n<meta name=\"twitter:label1\" content=\"Gesch\u00e4tzte Lesezeit\" \/>\n\t<meta name=\"twitter:data1\" content=\"2\u00a0Minuten\" \/>\n<script type=\"application\/ld+json\" class=\"yoast-schema-graph\">{\"@context\":\"https:\\\/\\\/schema.org\",\"@graph\":[{\"@type\":\"WebPage\",\"@id\":\"https:\\\/\\\/iconcare.eu\\\/index.php\\\/aktuelles-3\\\/\",\"url\":\"https:\\\/\\\/iconcare.eu\\\/index.php\\\/aktuelles-3\\\/\",\"name\":\"Aktuelles (3) - iconcare GmbH - Interlinked Consulting and Controlling for Healthcare - created by BInovis and Visality\",\"isPartOf\":{\"@id\":\"https:\\\/\\\/iconcare.eu\\\/#website\"},\"primaryImageOfPage\":{\"@id\":\"https:\\\/\\\/iconcare.eu\\\/index.php\\\/aktuelles-3\\\/#primaryimage\"},\"image\":{\"@id\":\"https:\\\/\\\/iconcare.eu\\\/index.php\\\/aktuelles-3\\\/#primaryimage\"},\"thumbnailUrl\":\"https:\\\/\\\/iconcare.eu\\\/wp-content\\\/uploads\\\/2023\\\/07\\\/ZNA-Benchmark-768x413.png\",\"datePublished\":\"2023-07-14T10:29:58+00:00\",\"dateModified\":\"2023-07-14T10:35:18+00:00\",\"breadcrumb\":{\"@id\":\"https:\\\/\\\/iconcare.eu\\\/index.php\\\/aktuelles-3\\\/#breadcrumb\"},\"inLanguage\":\"de\",\"potentialAction\":[{\"@type\":\"ReadAction\",\"target\":[\"https:\\\/\\\/iconcare.eu\\\/index.php\\\/aktuelles-3\\\/\"]}]},{\"@type\":\"ImageObject\",\"inLanguage\":\"de\",\"@id\":\"https:\\\/\\\/iconcare.eu\\\/index.php\\\/aktuelles-3\\\/#primaryimage\",\"url\":\"https:\\\/\\\/iconcare.eu\\\/wp-content\\\/uploads\\\/2023\\\/07\\\/ZNA-Benchmark.png\",\"contentUrl\":\"https:\\\/\\\/iconcare.eu\\\/wp-content\\\/uploads\\\/2023\\\/07\\\/ZNA-Benchmark.png\",\"width\":1480,\"height\":795},{\"@type\":\"BreadcrumbList\",\"@id\":\"https:\\\/\\\/iconcare.eu\\\/index.php\\\/aktuelles-3\\\/#breadcrumb\",\"itemListElement\":[{\"@type\":\"ListItem\",\"position\":1,\"name\":\"Startseite\",\"item\":\"https:\\\/\\\/iconcare.eu\\\/\"},{\"@type\":\"ListItem\",\"position\":2,\"name\":\"Aktuelles (3)\"}]},{\"@type\":\"WebSite\",\"@id\":\"https:\\\/\\\/iconcare.eu\\\/#website\",\"url\":\"https:\\\/\\\/iconcare.eu\\\/\",\"name\":\"iconcare GmbH - Interlinked Consulting and Controlling for Healthcare - created by BInovis and Visality\",\"description\":\"Website mit Informationen rund um die Firma iconcare, Branchen, Kompetenzen und Referenzen\",\"publisher\":{\"@id\":\"https:\\\/\\\/iconcare.eu\\\/#organization\"},\"potentialAction\":[{\"@type\":\"SearchAction\",\"target\":{\"@type\":\"EntryPoint\",\"urlTemplate\":\"https:\\\/\\\/iconcare.eu\\\/?s={search_term_string}\"},\"query-input\":{\"@type\":\"PropertyValueSpecification\",\"valueRequired\":true,\"valueName\":\"search_term_string\"}}],\"inLanguage\":\"de\"},{\"@type\":\"Organization\",\"@id\":\"https:\\\/\\\/iconcare.eu\\\/#organization\",\"name\":\"Visality Consulting GmbH\",\"url\":\"https:\\\/\\\/iconcare.eu\\\/\",\"logo\":{\"@type\":\"ImageObject\",\"inLanguage\":\"de\",\"@id\":\"https:\\\/\\\/iconcare.eu\\\/#\\\/schema\\\/logo\\\/image\\\/\",\"url\":\"https:\\\/\\\/iconcare.eu\\\/wp-content\\\/uploads\\\/2020\\\/02\\\/Visality_Vektor_einfarbig_20200228.png\",\"contentUrl\":\"https:\\\/\\\/iconcare.eu\\\/wp-content\\\/uploads\\\/2020\\\/02\\\/Visality_Vektor_einfarbig_20200228.png\",\"width\":5547,\"height\":4036,\"caption\":\"Visality Consulting GmbH\"},\"image\":{\"@id\":\"https:\\\/\\\/iconcare.eu\\\/#\\\/schema\\\/logo\\\/image\\\/\"}}]}<\/script>\n<!-- \/ Yoast SEO plugin. -->","yoast_head_json":{"title":"Aktuelles (3) - iconcare GmbH - Interlinked Consulting and Controlling for Healthcare - created by BInovis and Visality","robots":{"index":"index","follow":"follow","max-snippet":"max-snippet:-1","max-image-preview":"max-image-preview:large","max-video-preview":"max-video-preview:-1"},"canonical":"https:\/\/iconcare.eu\/index.php\/aktuelles-3\/","og_locale":"de_DE","og_type":"article","og_title":"Aktuelles (3) - iconcare GmbH - Interlinked Consulting and Controlling for Healthcare - created by BInovis and Visality","og_description":"Aktuelles NEU: ZNA-Benchmark auch f\u00fcr kleinere Krankenh\u00e4user: unkompliziert &#8211; preisg\u00fcnstig &#8211; auf Patienten- und Mitarbeiterzufriedenheit fokussiert iconcare bietet allen Krankenh\u00e4usern in Deutschland ab sofort die Teilnahme an einem Benchmarkprojekt zu Wartezeiten, Auslastung und Mitarbeiterbelastung in ihrer zentralen Notaufnahme an. Die Datenbereitstellung ist bis 30. September 2023 m\u00f6glich. Die Benchmarkauswertung erfolgt bis 15. Dezember 2023. F\u00fcr [&hellip;]","og_url":"https:\/\/iconcare.eu\/index.php\/aktuelles-3\/","og_site_name":"iconcare GmbH - Interlinked Consulting and Controlling for Healthcare - created by BInovis and Visality","article_modified_time":"2023-07-14T10:35:18+00:00","og_image":[{"url":"https:\/\/iconcare.eu\/wp-content\/uploads\/2023\/07\/ZNA-Benchmark-768x413.png","type":"","width":"","height":""}],"twitter_card":"summary_large_image","twitter_misc":{"Gesch\u00e4tzte Lesezeit":"2\u00a0Minuten"},"schema":{"@context":"https:\/\/schema.org","@graph":[{"@type":"WebPage","@id":"https:\/\/iconcare.eu\/index.php\/aktuelles-3\/","url":"https:\/\/iconcare.eu\/index.php\/aktuelles-3\/","name":"Aktuelles (3) - iconcare GmbH - Interlinked Consulting and Controlling for Healthcare - created by BInovis and Visality","isPartOf":{"@id":"https:\/\/iconcare.eu\/#website"},"primaryImageOfPage":{"@id":"https:\/\/iconcare.eu\/index.php\/aktuelles-3\/#primaryimage"},"image":{"@id":"https:\/\/iconcare.eu\/index.php\/aktuelles-3\/#primaryimage"},"thumbnailUrl":"https:\/\/iconcare.eu\/wp-content\/uploads\/2023\/07\/ZNA-Benchmark-768x413.png","datePublished":"2023-07-14T10:29:58+00:00","dateModified":"2023-07-14T10:35:18+00:00","breadcrumb":{"@id":"https:\/\/iconcare.eu\/index.php\/aktuelles-3\/#breadcrumb"},"inLanguage":"de","potentialAction":[{"@type":"ReadAction","target":["https:\/\/iconcare.eu\/index.php\/aktuelles-3\/"]}]},{"@type":"ImageObject","inLanguage":"de","@id":"https:\/\/iconcare.eu\/index.php\/aktuelles-3\/#primaryimage","url":"https:\/\/iconcare.eu\/wp-content\/uploads\/2023\/07\/ZNA-Benchmark.png","contentUrl":"https:\/\/iconcare.eu\/wp-content\/uploads\/2023\/07\/ZNA-Benchmark.png","width":1480,"height":795},{"@type":"BreadcrumbList","@id":"https:\/\/iconcare.eu\/index.php\/aktuelles-3\/#breadcrumb","itemListElement":[{"@type":"ListItem","position":1,"name":"Startseite","item":"https:\/\/iconcare.eu\/"},{"@type":"ListItem","position":2,"name":"Aktuelles (3)"}]},{"@type":"WebSite","@id":"https:\/\/iconcare.eu\/#website","url":"https:\/\/iconcare.eu\/","name":"iconcare GmbH - Interlinked Consulting and Controlling for Healthcare - created by BInovis and Visality","description":"Website mit Informationen rund um die Firma iconcare, Branchen, Kompetenzen und Referenzen","publisher":{"@id":"https:\/\/iconcare.eu\/#organization"},"potentialAction":[{"@type":"SearchAction","target":{"@type":"EntryPoint","urlTemplate":"https:\/\/iconcare.eu\/?s={search_term_string}"},"query-input":{"@type":"PropertyValueSpecification","valueRequired":true,"valueName":"search_term_string"}}],"inLanguage":"de"},{"@type":"Organization","@id":"https:\/\/iconcare.eu\/#organization","name":"Visality Consulting GmbH","url":"https:\/\/iconcare.eu\/","logo":{"@type":"ImageObject","inLanguage":"de","@id":"https:\/\/iconcare.eu\/#\/schema\/logo\/image\/","url":"https:\/\/iconcare.eu\/wp-content\/uploads\/2020\/02\/Visality_Vektor_einfarbig_20200228.png","contentUrl":"https:\/\/iconcare.eu\/wp-content\/uploads\/2020\/02\/Visality_Vektor_einfarbig_20200228.png","width":5547,"height":4036,"caption":"Visality Consulting GmbH"},"image":{"@id":"https:\/\/iconcare.eu\/#\/schema\/logo\/image\/"}}]}},"_links":{"self":[{"href":"https:\/\/iconcare.eu\/index.php\/wp-json\/wp\/v2\/pages\/7868","targetHints":{"allow":["GET"]}}],"collection":[{"href":"https:\/\/iconcare.eu\/index.php\/wp-json\/wp\/v2\/pages"}],"about":[{"href":"https:\/\/iconcare.eu\/index.php\/wp-json\/wp\/v2\/types\/page"}],"author":[{"embeddable":true,"href":"https:\/\/iconcare.eu\/index.php\/wp-json\/wp\/v2\/users\/1"}],"replies":[{"embeddable":true,"href":"https:\/\/iconcare.eu\/index.php\/wp-json\/wp\/v2\/comments?post=7868"}],"version-history":[{"count":7,"href":"https:\/\/iconcare.eu\/index.php\/wp-json\/wp\/v2\/pages\/7868\/revisions"}],"predecessor-version":[{"id":7877,"href":"https:\/\/iconcare.eu\/index.php\/wp-json\/wp\/v2\/pages\/7868\/revisions\/7877"}],"wp:attachment":[{"href":"https:\/\/iconcare.eu\/index.php\/wp-json\/wp\/v2\/media?parent=7868"}],"curies":[{"name":"wp","href":"https:\/\/api.w.org\/{rel}","templated":true}]}}