{"id":7334,"date":"2022-05-03T13:31:18","date_gmt":"2022-05-03T11:31:18","guid":{"rendered":"https:\/\/iconcare.eu\/?page_id=7334"},"modified":"2022-05-03T13:33:16","modified_gmt":"2022-05-03T11:33:16","slug":"aktuelles-2","status":"publish","type":"page","link":"https:\/\/iconcare.eu\/index.php\/aktuelles-2\/","title":{"rendered":"Aktuelles (2)"},"content":{"rendered":"\t\t<div data-elementor-type=\"wp-post\" data-elementor-id=\"7334\" class=\"elementor elementor-7334\">\n\t\t\t\t\t\t<section class=\"elementor-section elementor-top-section elementor-element elementor-element-6e4a05f9 elementor-section-boxed elementor-section-height-default elementor-section-height-default elementor-invisible\" data-id=\"6e4a05f9\" data-element_type=\"section\" data-e-type=\"section\" data-settings=\"{&quot;background_background&quot;:&quot;classic&quot;,&quot;animation&quot;:&quot;fadeInDown&quot;,&quot;shape_divider_bottom&quot;:&quot;opacity-tilt&quot;}\">\n\t\t\t\t\t\t\t<div class=\"elementor-background-overlay\"><\/div>\n\t\t\t\t\t\t<div class=\"elementor-shape elementor-shape-bottom\" aria-hidden=\"true\" data-negative=\"false\">\n\t\t\t<svg xmlns=\"http:\/\/www.w3.org\/2000\/svg\" viewBox=\"0 0 2600 131.1\" preserveAspectRatio=\"none\">\n\t<path class=\"elementor-shape-fill\" d=\"M0 0L2600 0 2600 69.1 0 0z\"\/>\n\t<path class=\"elementor-shape-fill\" style=\"opacity:0.5\" d=\"M0 0L2600 0 2600 69.1 0 69.1z\"\/>\n\t<path class=\"elementor-shape-fill\" style=\"opacity:0.25\" d=\"M2600 0L0 0 0 130.1 2600 69.1z\"\/>\n<\/svg>\t\t<\/div>\n\t\t\t\t\t<div class=\"elementor-container elementor-column-gap-default\">\n\t\t\t\t\t<div class=\"elementor-column elementor-col-33 elementor-top-column elementor-element elementor-element-161ee7f2\" data-id=\"161ee7f2\" data-element_type=\"column\" data-e-type=\"column\">\n\t\t\t<div class=\"elementor-widget-wrap\">\n\t\t\t\t\t\t\t<\/div>\n\t\t<\/div>\n\t\t\t\t<div class=\"elementor-column elementor-col-33 elementor-top-column elementor-element elementor-element-59531c3d\" data-id=\"59531c3d\" data-element_type=\"column\" data-e-type=\"column\">\n\t\t\t<div class=\"elementor-widget-wrap elementor-element-populated\">\n\t\t\t\t\t\t<div class=\"elementor-element elementor-element-78f168d8 elementor-widget elementor-widget-heading\" data-id=\"78f168d8\" data-element_type=\"widget\" data-e-type=\"widget\" data-widget_type=\"heading.default\">\n\t\t\t\t<div class=\"elementor-widget-container\">\n\t\t\t\t\t<h1 class=\"elementor-heading-title elementor-size-default\">Aktuelles<\/h1>\t\t\t\t<\/div>\n\t\t\t\t<\/div>\n\t\t\t\t\t<\/div>\n\t\t<\/div>\n\t\t\t\t<div class=\"elementor-column elementor-col-33 elementor-top-column elementor-element elementor-element-27d8042c\" data-id=\"27d8042c\" data-element_type=\"column\" data-e-type=\"column\">\n\t\t\t<div class=\"elementor-widget-wrap\">\n\t\t\t\t\t\t\t<\/div>\n\t\t<\/div>\n\t\t\t\t\t<\/div>\n\t\t<\/section>\n\t\t\t\t<section class=\"elementor-section elementor-top-section elementor-element elementor-element-syvw4vv elementor-section-content-top elementor-section-boxed elementor-section-height-default elementor-section-height-default\" data-id=\"syvw4vv\" data-element_type=\"section\" data-e-type=\"section\">\n\t\t\t\t\t\t<div class=\"elementor-container elementor-column-gap-default\">\n\t\t\t\t\t<div class=\"elementor-column elementor-col-100 elementor-top-column elementor-element elementor-element-lpief2b\" data-id=\"lpief2b\" data-element_type=\"column\" data-e-type=\"column\">\n\t\t\t<div class=\"elementor-widget-wrap elementor-element-populated\">\n\t\t\t\t\t\t<div class=\"elementor-element elementor-element-yq4s4yk elementor-widget elementor-widget-heading\" data-id=\"yq4s4yk\" data-element_type=\"widget\" data-e-type=\"widget\" data-widget_type=\"heading.default\">\n\t\t\t\t<div class=\"elementor-widget-container\">\n\t\t\t\t\t<h3 class=\"elementor-heading-title elementor-size-default\">Gratis-Webinar: Was bringt ein Hospital Control Center (HCC) und worauf ist bei der Konzeption und Implementierung zu achten?<\/h3>\t\t\t\t<\/div>\n\t\t\t\t<\/div>\n\t\t\t\t<div class=\"elementor-element elementor-element-g5eep3y elementor-widget elementor-widget-text-editor\" data-id=\"g5eep3y\" data-element_type=\"widget\" data-e-type=\"widget\" data-widget_type=\"text-editor.default\">\n\t\t\t\t<div class=\"elementor-widget-container\">\n\t\t\t\t\t\t\t\t\t<p>16.5.2022 \u2013 13.30 Uhr bis 15.00 Uhr (inkl. Live-Demo)<\/p><p><span style=\"font-size: 15px;\">In diesem kostenlosen Webinar erfahren Sie, warum nur eine konsequent am Patientenfluss orientierte Prozess-und Kapazit\u00e4tssteuerung in der Lage ist, die knappen und h\u00e4ufig \u00fcberlasteten Ressourcen eines Krankenhauses optimal zu nutzen. Eine individuell auf die Ausgangssituation und die Ziele eines jeden Hauses angepasste Konzeption und Implementierung eines Hospital Control Centers bietet die Chance, alle laufenden und geplanten Digitalisierungsprojekte (z.B. nach KHZG gef\u00f6rderte Insell\u00f6sungen) zielgerichtet zu vernetzen und gleichzeitig die Wirtschaftlichkeit, die Patientenzufriedenheit und das Betriebsklima erheblich zu verbessern.<\/span><\/p><p><span style=\"font-size: 15px;\">Dr. Marco Emmermann und Dr. Ralf Scholz von der iconcare GmbH berichten aus Ihrer mehr als 15-j\u00e4hrigen Erfahrung mit der Konzeption und Implementierung von Control Center L\u00f6sungen f\u00fcr namhafte europ\u00e4ische Flugh\u00e4fen und Krankenh\u00e4user, die sich daraus f\u00fcr Krankenh\u00e4user ergebenden Chancen und die Fallstricke, die bei einer Systemeinf\u00fchrung zu ber\u00fccksichtigen sind. Dr. Ir. Frits van Krieken und Robert Quanjel von der Ximius GmbH zeigen am Beispiel einer Demo-Version des in den Niederlanden marktf\u00fchrenden HOTflo Hospital Control Center Systems ausgereifte und etablierte Funktionalit\u00e4ten eines HCC von der j\u00e4hrlichen strategischen Planung \u00fcber die unterj\u00e4hrige taktische Steuerung bis zur untert\u00e4gigen Steuerung von Prozessst\u00f6rungen in Echtzeit.<\/span><\/p><p><span style=\"font-size: 15px;\">Die Teilnehmerzahl ist auf maximal 6 Vertreter von Krankenh\u00e4usern begrenzt, um ausf\u00fchrlich auf Fragen aus dem Teilnehmerkreis eingehen zu k\u00f6nnen.<\/span><\/p><p><span style=\"font-size: 15px;\">Ihre Anmeldung ist nur \u00fcber die eMail-Adresse info@iconcare.eu unter Angabe Ihrer vollst\u00e4ndigen Kontaktdaten m\u00f6glich.<\/span><\/p><p><span style=\"font-size: 15px;\">Weitere Informationen erhalten Sie unter der Telefonnummer +49 331 8871 9021.<\/span><\/p>\t\t\t\t\t\t\t\t<\/div>\n\t\t\t\t<\/div>\n\t\t\t\t\t<\/div>\n\t\t<\/div>\n\t\t\t\t\t<\/div>\n\t\t<\/section>\n\t\t\t\t<\/div>\n\t\t","protected":false},"excerpt":{"rendered":"<p>Aktuelles Gratis-Webinar: Was bringt ein Hospital Control Center (HCC) und worauf ist bei der Konzeption und Implementierung zu achten? 16.5.2022 \u2013 13.30 Uhr bis 15.00 Uhr (inkl. Live-Demo) In diesem kostenlosen Webinar erfahren Sie, warum nur eine konsequent am Patientenfluss orientierte Prozess-und Kapazit\u00e4tssteuerung in der Lage ist, die knappen und h\u00e4ufig \u00fcberlasteten Ressourcen eines Krankenhauses [&hellip;]<\/p>\n","protected":false},"author":1,"featured_media":0,"parent":0,"menu_order":0,"comment_status":"closed","ping_status":"closed","template":"","meta":{"site-sidebar-layout":"no-sidebar","site-content-layout":"page-builder","ast-site-content-layout":"default","site-content-style":"default","site-sidebar-style":"default","ast-global-header-display":"","ast-banner-title-visibility":"","ast-main-header-display":"","ast-hfb-above-header-display":"","ast-hfb-below-header-display":"","ast-hfb-mobile-header-display":"","site-post-title":"disabled","ast-breadcrumbs-content":"","ast-featured-img":"disabled","footer-sml-layout":"","ast-disable-related-posts":"","theme-transparent-header-meta":"default","adv-header-id-meta":"","stick-header-meta":"","header-above-stick-meta":"","header-main-stick-meta":"","header-below-stick-meta":"","astra-migrate-meta-layouts":"default","ast-page-background-enabled":"default","ast-page-background-meta":{"desktop":{"background-color":"","background-image":"","background-repeat":"repeat","background-position":"center center","background-size":"auto","background-attachment":"scroll","background-type":"","background-media":"","overlay-type":"","overlay-color":"","overlay-opacity":"","overlay-gradient":""},"tablet":{"background-color":"","background-image":"","background-repeat":"repeat","background-position":"center center","background-size":"auto","background-attachment":"scroll","background-type":"","background-media":"","overlay-type":"","overlay-color":"","overlay-opacity":"","overlay-gradient":""},"mobile":{"background-color":"","background-image":"","background-repeat":"repeat","background-position":"center center","background-size":"auto","background-attachment":"scroll","background-type":"","background-media":"","overlay-type":"","overlay-color":"","overlay-opacity":"","overlay-gradient":""}},"ast-content-background-meta":{"desktop":{"background-color":"var(--ast-global-color-5)","background-image":"","background-repeat":"repeat","background-position":"center center","background-size":"auto","background-attachment":"scroll","background-type":"","background-media":"","overlay-type":"","overlay-color":"","overlay-opacity":"","overlay-gradient":""},"tablet":{"background-color":"var(--ast-global-color-5)","background-image":"","background-repeat":"repeat","background-position":"center center","background-size":"auto","background-attachment":"scroll","background-type":"","background-media":"","overlay-type":"","overlay-color":"","overlay-opacity":"","overlay-gradient":""},"mobile":{"background-color":"var(--ast-global-color-5)","background-image":"","background-repeat":"repeat","background-position":"center center","background-size":"auto","background-attachment":"scroll","background-type":"","background-media":"","overlay-type":"","overlay-color":"","overlay-opacity":"","overlay-gradient":""}},"footnotes":""},"class_list":["post-7334","page","type-page","status-publish","hentry"],"yoast_head":"<!-- This site is optimized with the Yoast SEO plugin v27.4 - https:\/\/yoast.com\/product\/yoast-seo-wordpress\/ -->\n<title>Aktuelles (2) - iconcare GmbH - Interlinked Consulting and Controlling for Healthcare - created by BInovis and Visality<\/title>\n<meta name=\"robots\" content=\"index, follow, max-snippet:-1, max-image-preview:large, max-video-preview:-1\" \/>\n<link rel=\"canonical\" href=\"https:\/\/iconcare.eu\/index.php\/aktuelles-2\/\" \/>\n<meta property=\"og:locale\" content=\"de_DE\" \/>\n<meta property=\"og:type\" content=\"article\" \/>\n<meta property=\"og:title\" content=\"Aktuelles (2) - iconcare GmbH - Interlinked Consulting and Controlling for Healthcare - created by BInovis and Visality\" \/>\n<meta property=\"og:description\" content=\"Aktuelles Gratis-Webinar: Was bringt ein Hospital Control Center (HCC) und worauf ist bei der Konzeption und Implementierung zu achten? 16.5.2022 \u2013 13.30 Uhr bis 15.00 Uhr (inkl. Live-Demo) In diesem kostenlosen Webinar erfahren Sie, warum nur eine konsequent am Patientenfluss orientierte Prozess-und Kapazit\u00e4tssteuerung in der Lage ist, die knappen und h\u00e4ufig \u00fcberlasteten Ressourcen eines Krankenhauses [&hellip;]\" \/>\n<meta property=\"og:url\" content=\"https:\/\/iconcare.eu\/index.php\/aktuelles-2\/\" \/>\n<meta property=\"og:site_name\" content=\"iconcare GmbH - Interlinked Consulting and Controlling for Healthcare - created by BInovis and Visality\" \/>\n<meta property=\"article:modified_time\" content=\"2022-05-03T11:33:16+00:00\" \/>\n<meta name=\"twitter:card\" content=\"summary_large_image\" \/>\n<meta name=\"twitter:label1\" content=\"Gesch\u00e4tzte Lesezeit\" \/>\n\t<meta name=\"twitter:data1\" content=\"2\u00a0Minuten\" \/>\n<script type=\"application\/ld+json\" class=\"yoast-schema-graph\">{\"@context\":\"https:\\\/\\\/schema.org\",\"@graph\":[{\"@type\":\"WebPage\",\"@id\":\"https:\\\/\\\/iconcare.eu\\\/index.php\\\/aktuelles-2\\\/\",\"url\":\"https:\\\/\\\/iconcare.eu\\\/index.php\\\/aktuelles-2\\\/\",\"name\":\"Aktuelles (2) - iconcare GmbH - Interlinked Consulting and Controlling for Healthcare - created by BInovis and Visality\",\"isPartOf\":{\"@id\":\"https:\\\/\\\/iconcare.eu\\\/#website\"},\"datePublished\":\"2022-05-03T11:31:18+00:00\",\"dateModified\":\"2022-05-03T11:33:16+00:00\",\"breadcrumb\":{\"@id\":\"https:\\\/\\\/iconcare.eu\\\/index.php\\\/aktuelles-2\\\/#breadcrumb\"},\"inLanguage\":\"de\",\"potentialAction\":[{\"@type\":\"ReadAction\",\"target\":[\"https:\\\/\\\/iconcare.eu\\\/index.php\\\/aktuelles-2\\\/\"]}]},{\"@type\":\"BreadcrumbList\",\"@id\":\"https:\\\/\\\/iconcare.eu\\\/index.php\\\/aktuelles-2\\\/#breadcrumb\",\"itemListElement\":[{\"@type\":\"ListItem\",\"position\":1,\"name\":\"Startseite\",\"item\":\"https:\\\/\\\/iconcare.eu\\\/\"},{\"@type\":\"ListItem\",\"position\":2,\"name\":\"Aktuelles (2)\"}]},{\"@type\":\"WebSite\",\"@id\":\"https:\\\/\\\/iconcare.eu\\\/#website\",\"url\":\"https:\\\/\\\/iconcare.eu\\\/\",\"name\":\"iconcare GmbH - Interlinked Consulting and Controlling for Healthcare - created by BInovis and Visality\",\"description\":\"Website mit Informationen rund um die Firma iconcare, Branchen, Kompetenzen und Referenzen\",\"publisher\":{\"@id\":\"https:\\\/\\\/iconcare.eu\\\/#organization\"},\"potentialAction\":[{\"@type\":\"SearchAction\",\"target\":{\"@type\":\"EntryPoint\",\"urlTemplate\":\"https:\\\/\\\/iconcare.eu\\\/?s={search_term_string}\"},\"query-input\":{\"@type\":\"PropertyValueSpecification\",\"valueRequired\":true,\"valueName\":\"search_term_string\"}}],\"inLanguage\":\"de\"},{\"@type\":\"Organization\",\"@id\":\"https:\\\/\\\/iconcare.eu\\\/#organization\",\"name\":\"Visality Consulting GmbH\",\"url\":\"https:\\\/\\\/iconcare.eu\\\/\",\"logo\":{\"@type\":\"ImageObject\",\"inLanguage\":\"de\",\"@id\":\"https:\\\/\\\/iconcare.eu\\\/#\\\/schema\\\/logo\\\/image\\\/\",\"url\":\"https:\\\/\\\/iconcare.eu\\\/wp-content\\\/uploads\\\/2020\\\/02\\\/Visality_Vektor_einfarbig_20200228.png\",\"contentUrl\":\"https:\\\/\\\/iconcare.eu\\\/wp-content\\\/uploads\\\/2020\\\/02\\\/Visality_Vektor_einfarbig_20200228.png\",\"width\":5547,\"height\":4036,\"caption\":\"Visality Consulting GmbH\"},\"image\":{\"@id\":\"https:\\\/\\\/iconcare.eu\\\/#\\\/schema\\\/logo\\\/image\\\/\"}}]}<\/script>\n<!-- \/ Yoast SEO plugin. -->","yoast_head_json":{"title":"Aktuelles (2) - iconcare GmbH - Interlinked Consulting and Controlling for Healthcare - created by BInovis and Visality","robots":{"index":"index","follow":"follow","max-snippet":"max-snippet:-1","max-image-preview":"max-image-preview:large","max-video-preview":"max-video-preview:-1"},"canonical":"https:\/\/iconcare.eu\/index.php\/aktuelles-2\/","og_locale":"de_DE","og_type":"article","og_title":"Aktuelles (2) - iconcare GmbH - Interlinked Consulting and Controlling for Healthcare - created by BInovis and Visality","og_description":"Aktuelles Gratis-Webinar: Was bringt ein Hospital Control Center (HCC) und worauf ist bei der Konzeption und Implementierung zu achten? 16.5.2022 \u2013 13.30 Uhr bis 15.00 Uhr (inkl. Live-Demo) In diesem kostenlosen Webinar erfahren Sie, warum nur eine konsequent am Patientenfluss orientierte Prozess-und Kapazit\u00e4tssteuerung in der Lage ist, die knappen und h\u00e4ufig \u00fcberlasteten Ressourcen eines Krankenhauses [&hellip;]","og_url":"https:\/\/iconcare.eu\/index.php\/aktuelles-2\/","og_site_name":"iconcare GmbH - Interlinked Consulting and Controlling for Healthcare - created by BInovis and Visality","article_modified_time":"2022-05-03T11:33:16+00:00","twitter_card":"summary_large_image","twitter_misc":{"Gesch\u00e4tzte Lesezeit":"2\u00a0Minuten"},"schema":{"@context":"https:\/\/schema.org","@graph":[{"@type":"WebPage","@id":"https:\/\/iconcare.eu\/index.php\/aktuelles-2\/","url":"https:\/\/iconcare.eu\/index.php\/aktuelles-2\/","name":"Aktuelles (2) - iconcare GmbH - Interlinked Consulting and Controlling for Healthcare - created by BInovis and Visality","isPartOf":{"@id":"https:\/\/iconcare.eu\/#website"},"datePublished":"2022-05-03T11:31:18+00:00","dateModified":"2022-05-03T11:33:16+00:00","breadcrumb":{"@id":"https:\/\/iconcare.eu\/index.php\/aktuelles-2\/#breadcrumb"},"inLanguage":"de","potentialAction":[{"@type":"ReadAction","target":["https:\/\/iconcare.eu\/index.php\/aktuelles-2\/"]}]},{"@type":"BreadcrumbList","@id":"https:\/\/iconcare.eu\/index.php\/aktuelles-2\/#breadcrumb","itemListElement":[{"@type":"ListItem","position":1,"name":"Startseite","item":"https:\/\/iconcare.eu\/"},{"@type":"ListItem","position":2,"name":"Aktuelles (2)"}]},{"@type":"WebSite","@id":"https:\/\/iconcare.eu\/#website","url":"https:\/\/iconcare.eu\/","name":"iconcare GmbH - Interlinked Consulting and Controlling for Healthcare - created by BInovis and Visality","description":"Website mit Informationen rund um die Firma iconcare, Branchen, Kompetenzen und Referenzen","publisher":{"@id":"https:\/\/iconcare.eu\/#organization"},"potentialAction":[{"@type":"SearchAction","target":{"@type":"EntryPoint","urlTemplate":"https:\/\/iconcare.eu\/?s={search_term_string}"},"query-input":{"@type":"PropertyValueSpecification","valueRequired":true,"valueName":"search_term_string"}}],"inLanguage":"de"},{"@type":"Organization","@id":"https:\/\/iconcare.eu\/#organization","name":"Visality Consulting GmbH","url":"https:\/\/iconcare.eu\/","logo":{"@type":"ImageObject","inLanguage":"de","@id":"https:\/\/iconcare.eu\/#\/schema\/logo\/image\/","url":"https:\/\/iconcare.eu\/wp-content\/uploads\/2020\/02\/Visality_Vektor_einfarbig_20200228.png","contentUrl":"https:\/\/iconcare.eu\/wp-content\/uploads\/2020\/02\/Visality_Vektor_einfarbig_20200228.png","width":5547,"height":4036,"caption":"Visality Consulting GmbH"},"image":{"@id":"https:\/\/iconcare.eu\/#\/schema\/logo\/image\/"}}]}},"_links":{"self":[{"href":"https:\/\/iconcare.eu\/index.php\/wp-json\/wp\/v2\/pages\/7334","targetHints":{"allow":["GET"]}}],"collection":[{"href":"https:\/\/iconcare.eu\/index.php\/wp-json\/wp\/v2\/pages"}],"about":[{"href":"https:\/\/iconcare.eu\/index.php\/wp-json\/wp\/v2\/types\/page"}],"author":[{"embeddable":true,"href":"https:\/\/iconcare.eu\/index.php\/wp-json\/wp\/v2\/users\/1"}],"replies":[{"embeddable":true,"href":"https:\/\/iconcare.eu\/index.php\/wp-json\/wp\/v2\/comments?post=7334"}],"version-history":[{"count":5,"href":"https:\/\/iconcare.eu\/index.php\/wp-json\/wp\/v2\/pages\/7334\/revisions"}],"predecessor-version":[{"id":7339,"href":"https:\/\/iconcare.eu\/index.php\/wp-json\/wp\/v2\/pages\/7334\/revisions\/7339"}],"wp:attachment":[{"href":"https:\/\/iconcare.eu\/index.php\/wp-json\/wp\/v2\/media?parent=7334"}],"curies":[{"name":"wp","href":"https:\/\/api.w.org\/{rel}","templated":true}]}}