{"id":1136,"date":"2017-06-19T07:08:22","date_gmt":"2017-06-19T07:08:22","guid":{"rendered":"https:\/\/websitedemos.net\/astra-lite-demo-1\/?page_id=25"},"modified":"2022-01-18T11:18:36","modified_gmt":"2022-01-18T10:18:36","slug":"contact","status":"publish","type":"page","link":"https:\/\/iconcare.eu\/index.php\/contact\/","title":{"rendered":"Kontakt"},"content":{"rendered":"\t\t<div data-elementor-type=\"wp-post\" data-elementor-id=\"1136\" class=\"elementor elementor-1136\">\n\t\t\t\t\t\t<section class=\"elementor-section elementor-top-section elementor-element elementor-element-6e4a05f9 elementor-section-boxed elementor-section-height-default elementor-section-height-default elementor-invisible\" data-id=\"6e4a05f9\" data-element_type=\"section\" data-e-type=\"section\" data-settings=\"{&quot;background_background&quot;:&quot;classic&quot;,&quot;animation&quot;:&quot;fadeInDown&quot;,&quot;shape_divider_bottom&quot;:&quot;opacity-tilt&quot;}\">\n\t\t\t\t\t\t\t<div class=\"elementor-background-overlay\"><\/div>\n\t\t\t\t\t\t<div class=\"elementor-shape elementor-shape-bottom\" aria-hidden=\"true\" data-negative=\"false\">\n\t\t\t<svg xmlns=\"http:\/\/www.w3.org\/2000\/svg\" viewBox=\"0 0 2600 131.1\" preserveAspectRatio=\"none\">\n\t<path class=\"elementor-shape-fill\" d=\"M0 0L2600 0 2600 69.1 0 0z\"\/>\n\t<path class=\"elementor-shape-fill\" style=\"opacity:0.5\" d=\"M0 0L2600 0 2600 69.1 0 69.1z\"\/>\n\t<path class=\"elementor-shape-fill\" style=\"opacity:0.25\" d=\"M2600 0L0 0 0 130.1 2600 69.1z\"\/>\n<\/svg>\t\t<\/div>\n\t\t\t\t\t<div class=\"elementor-container elementor-column-gap-default\">\n\t\t\t\t\t<div class=\"elementor-column elementor-col-33 elementor-top-column elementor-element elementor-element-161ee7f2\" data-id=\"161ee7f2\" data-element_type=\"column\" data-e-type=\"column\">\n\t\t\t<div class=\"elementor-widget-wrap\">\n\t\t\t\t\t\t\t<\/div>\n\t\t<\/div>\n\t\t\t\t<div class=\"elementor-column elementor-col-33 elementor-top-column elementor-element elementor-element-59531c3d\" data-id=\"59531c3d\" data-element_type=\"column\" data-e-type=\"column\">\n\t\t\t<div class=\"elementor-widget-wrap elementor-element-populated\">\n\t\t\t\t\t\t<div class=\"elementor-element elementor-element-78f168d8 elementor-widget elementor-widget-heading\" data-id=\"78f168d8\" data-element_type=\"widget\" data-e-type=\"widget\" data-widget_type=\"heading.default\">\n\t\t\t\t<div class=\"elementor-widget-container\">\n\t\t\t\t\t<h1 class=\"elementor-heading-title elementor-size-default\">Kontakt<\/h1>\t\t\t\t<\/div>\n\t\t\t\t<\/div>\n\t\t\t\t\t<\/div>\n\t\t<\/div>\n\t\t\t\t<div class=\"elementor-column elementor-col-33 elementor-top-column elementor-element elementor-element-27d8042c\" data-id=\"27d8042c\" data-element_type=\"column\" data-e-type=\"column\">\n\t\t\t<div class=\"elementor-widget-wrap\">\n\t\t\t\t\t\t\t<\/div>\n\t\t<\/div>\n\t\t\t\t\t<\/div>\n\t\t<\/section>\n\t\t\t\t<section class=\"elementor-section elementor-top-section elementor-element elementor-element-syvw4vv elementor-section-content-top elementor-section-boxed elementor-section-height-default elementor-section-height-default\" data-id=\"syvw4vv\" data-element_type=\"section\" data-e-type=\"section\">\n\t\t\t\t\t\t<div class=\"elementor-container elementor-column-gap-default\">\n\t\t\t\t\t<div class=\"elementor-column elementor-col-50 elementor-top-column elementor-element elementor-element-lpief2b\" data-id=\"lpief2b\" data-element_type=\"column\" data-e-type=\"column\">\n\t\t\t<div class=\"elementor-widget-wrap elementor-element-populated\">\n\t\t\t\t\t\t<div class=\"elementor-element elementor-element-yq4s4yk elementor-widget elementor-widget-heading\" data-id=\"yq4s4yk\" data-element_type=\"widget\" data-e-type=\"widget\" data-widget_type=\"heading.default\">\n\t\t\t\t<div class=\"elementor-widget-container\">\n\t\t\t\t\t<h3 class=\"elementor-heading-title elementor-size-default\">Anschrift<\/h3>\t\t\t\t<\/div>\n\t\t\t\t<\/div>\n\t\t\t\t<div class=\"elementor-element elementor-element-g5eep3y elementor-widget elementor-widget-text-editor\" data-id=\"g5eep3y\" data-element_type=\"widget\" data-e-type=\"widget\" data-widget_type=\"text-editor.default\">\n\t\t\t\t<div class=\"elementor-widget-container\">\n\t\t\t\t\t\t\t\t\t<h6>iconcare GmbH<\/h6><p>Puschkinallee 3<\/p><p><span style=\"font-size: 14px;\">D &#8211; 14469 Potsdam<\/span><\/p><p><span style=\"font-size: 14px;\">\u00a0<\/span><\/p>\t\t\t\t\t\t\t\t<\/div>\n\t\t\t\t<\/div>\n\t\t\t\t<div class=\"elementor-element elementor-element-dfd7a73 elementor-icon-list--layout-traditional elementor-list-item-link-full_width elementor-widget elementor-widget-icon-list\" data-id=\"dfd7a73\" data-element_type=\"widget\" data-e-type=\"widget\" data-widget_type=\"icon-list.default\">\n\t\t\t\t<div class=\"elementor-widget-container\">\n\t\t\t\t\t\t\t<ul class=\"elementor-icon-list-items\">\n\t\t\t\t\t\t\t<li class=\"elementor-icon-list-item\">\n\t\t\t\t\t\t\t\t\t\t\t<a href=\"tel:0049033188719021\">\n\n\t\t\t\t\t\t\t\t\t\t\t\t<span class=\"elementor-icon-list-icon\">\n\t\t\t\t\t\t\t<i aria-hidden=\"true\" class=\"fas fa-phone-alt\"><\/i>\t\t\t\t\t\t<\/span>\n\t\t\t\t\t\t\t\t\t\t<span class=\"elementor-icon-list-text\">+49 (0)331 8871 9021<\/span>\n\t\t\t\t\t\t\t\t\t\t\t<\/a>\n\t\t\t\t\t\t\t\t\t<\/li>\n\t\t\t\t\t\t<\/ul>\n\t\t\t\t\t\t<\/div>\n\t\t\t\t<\/div>\n\t\t\t\t<div class=\"elementor-element elementor-element-a3dfbae elementor-icon-list--layout-traditional elementor-list-item-link-full_width elementor-widget elementor-widget-icon-list\" data-id=\"a3dfbae\" data-element_type=\"widget\" data-e-type=\"widget\" data-widget_type=\"icon-list.default\">\n\t\t\t\t<div class=\"elementor-widget-container\">\n\t\t\t\t\t\t\t<ul class=\"elementor-icon-list-items\">\n\t\t\t\t\t\t\t<li class=\"elementor-icon-list-item\">\n\t\t\t\t\t\t\t\t\t\t\t<a href=\"mailto:info@iconcare.eu\">\n\n\t\t\t\t\t\t\t\t\t\t\t\t<span class=\"elementor-icon-list-icon\">\n\t\t\t\t\t\t\t<i aria-hidden=\"true\" class=\"fas fa-envelope\"><\/i>\t\t\t\t\t\t<\/span>\n\t\t\t\t\t\t\t\t\t\t<span class=\"elementor-icon-list-text\">info@iconcare.eu<\/span>\n\t\t\t\t\t\t\t\t\t\t\t<\/a>\n\t\t\t\t\t\t\t\t\t<\/li>\n\t\t\t\t\t\t<\/ul>\n\t\t\t\t\t\t<\/div>\n\t\t\t\t<\/div>\n\t\t\t\t\t<\/div>\n\t\t<\/div>\n\t\t\t\t<div class=\"elementor-column elementor-col-50 elementor-top-column elementor-element elementor-element-ff6d3ad\" data-id=\"ff6d3ad\" data-element_type=\"column\" data-e-type=\"column\">\n\t\t\t<div class=\"elementor-widget-wrap elementor-element-populated\">\n\t\t\t\t\t\t<div class=\"elementor-element elementor-element-1d48910 elementor-widget elementor-widget-shortcode\" data-id=\"1d48910\" data-element_type=\"widget\" data-e-type=\"widget\" data-widget_type=\"shortcode.default\">\n\t\t\t\t<div class=\"elementor-widget-container\">\n\t\t\t\t\t\t\t<div class=\"elementor-shortcode\">    <div class=\"exggmap-wrapper is-style-wide\" style=\"aspect-ratio:16 \/ 9\">\r\n      <div class=\"exggmap-mask\" style=\"background-color: #f9f9f9; color:#1e73be\">\r\n        <div class=\"exggmap-mask-content\">\r\n        <p class=\"exggmap-caption\">DSGVO MAP<\/p>\r\n            <button style=\"color: #1e73be; background-color: #ffffff; border-color: #1e73be\"  id=\"exggmap-btn\">Karte laden *<\/button>\r\n        <\/div>\r\n              <\/div>\r\n      <iframe\r\n        data-src=\"https:\/\/www.google.com\/maps\/embed?pb=!1m18!1m12!1m3!1d2433.817646862168!2d13.056744115919772!3d52.40998105212906!2m3!1f0!2f0!3f0!3m2!1i1024!2i768!4f13.1!3m3!1m2!1s0x47a8f67817e5b7a5%3A0x3bd32b31cab6969!2sPuschkinallee%203%2C%2014469%20Potsdam!5e0!3m2!1sde!2sde!4v1624455712445!5m2!1sde!2sde\"\r\n        frameborder=\"0\"\r\n        allowfullscreen=\"\"\r\n        aria-hidden=\"false\"\r\n        tabindex=\"0\">\r\n      <\/iframe>\r\n    <\/div>\r\n    <p class=\"exampp-hints\">\r\n    * Sofern Sie die Karte laden, stimmen Sie der Datenverarbeitung durch Google Maps gem\u00e4\u00df Art. 6 Abs. 1  S. 1 DSGVO zu. Weitere Informationen finden Sie in unserer Datenschutzerkl\u00e4rung sowie der Datenschutzerkl\u00e4rung von Google.       <a\r\n        target=\"_blank\"\r\n        rel=\"noopener noreferrer\"\r\n        href=\"https:\/\/policies.google.com\/privacy?hl=de\">Mehr erfahren<\/a>\r\n    <\/p>\r\n\t<\/div>\n\t\t\t\t\t\t<\/div>\n\t\t\t\t<\/div>\n\t\t\t\t\t<\/div>\n\t\t<\/div>\n\t\t\t\t\t<\/div>\n\t\t<\/section>\n\t\t\t\t<\/div>\n\t\t","protected":false},"excerpt":{"rendered":"<p>Kontakt Anschrift iconcare GmbH Puschkinallee 3 D &#8211; 14469 Potsdam \u00a0 +49 (0)331 8871 9021 info@iconcare.eu<\/p>\n","protected":false},"author":1,"featured_media":0,"parent":0,"menu_order":0,"comment_status":"closed","ping_status":"closed","template":"","meta":{"site-sidebar-layout":"no-sidebar","site-content-layout":"page-builder","ast-site-content-layout":"default","site-content-style":"default","site-sidebar-style":"default","ast-global-header-display":"","ast-banner-title-visibility":"","ast-main-header-display":"","ast-hfb-above-header-display":"","ast-hfb-below-header-display":"","ast-hfb-mobile-header-display":"","site-post-title":"disabled","ast-breadcrumbs-content":"","ast-featured-img":"disabled","footer-sml-layout":"","ast-disable-related-posts":"","theme-transparent-header-meta":"default","adv-header-id-meta":"","stick-header-meta":"","header-above-stick-meta":"","header-main-stick-meta":"","header-below-stick-meta":"","astra-migrate-meta-layouts":"default","ast-page-background-enabled":"default","ast-page-background-meta":{"desktop":{"background-color":"","background-image":"","background-repeat":"repeat","background-position":"center center","background-size":"auto","background-attachment":"scroll","background-type":"","background-media":"","overlay-type":"","overlay-color":"","overlay-opacity":"","overlay-gradient":""},"tablet":{"background-color":"","background-image":"","background-repeat":"repeat","background-position":"center center","background-size":"auto","background-attachment":"scroll","background-type":"","background-media":"","overlay-type":"","overlay-color":"","overlay-opacity":"","overlay-gradient":""},"mobile":{"background-color":"","background-image":"","background-repeat":"repeat","background-position":"center center","background-size":"auto","background-attachment":"scroll","background-type":"","background-media":"","overlay-type":"","overlay-color":"","overlay-opacity":"","overlay-gradient":""}},"ast-content-background-meta":{"desktop":{"background-color":"var(--ast-global-color-5)","background-image":"","background-repeat":"repeat","background-position":"center center","background-size":"auto","background-attachment":"scroll","background-type":"","background-media":"","overlay-type":"","overlay-color":"","overlay-opacity":"","overlay-gradient":""},"tablet":{"background-color":"var(--ast-global-color-5)","background-image":"","background-repeat":"repeat","background-position":"center center","background-size":"auto","background-attachment":"scroll","background-type":"","background-media":"","overlay-type":"","overlay-color":"","overlay-opacity":"","overlay-gradient":""},"mobile":{"background-color":"var(--ast-global-color-5)","background-image":"","background-repeat":"repeat","background-position":"center center","background-size":"auto","background-attachment":"scroll","background-type":"","background-media":"","overlay-type":"","overlay-color":"","overlay-opacity":"","overlay-gradient":""}},"footnotes":""},"class_list":["post-1136","page","type-page","status-publish","hentry"],"yoast_head":"<!-- This site is optimized with the Yoast SEO plugin v27.3 - https:\/\/yoast.com\/product\/yoast-seo-wordpress\/ -->\n<title>Kontakt - iconcare GmbH - Interlinked Consulting and Controlling for Healthcare - created by BInovis and Visality<\/title>\n<meta name=\"robots\" content=\"index, follow, max-snippet:-1, max-image-preview:large, max-video-preview:-1\" \/>\n<link rel=\"canonical\" href=\"https:\/\/iconcare.eu\/index.php\/contact\/\" \/>\n<meta property=\"og:locale\" content=\"de_DE\" \/>\n<meta property=\"og:type\" content=\"article\" \/>\n<meta property=\"og:title\" content=\"Kontakt - iconcare GmbH - Interlinked Consulting and Controlling for Healthcare - created by BInovis and Visality\" \/>\n<meta property=\"og:description\" content=\"Kontakt Anschrift iconcare GmbH Puschkinallee 3 D &#8211; 14469 Potsdam \u00a0 +49 (0)331 8871 9021 info@iconcare.eu\" \/>\n<meta property=\"og:url\" content=\"https:\/\/iconcare.eu\/index.php\/contact\/\" \/>\n<meta property=\"og:site_name\" content=\"iconcare GmbH - Interlinked Consulting and Controlling for Healthcare - created by BInovis and Visality\" \/>\n<meta property=\"article:modified_time\" content=\"2022-01-18T10:18:36+00:00\" \/>\n<meta name=\"twitter:card\" content=\"summary_large_image\" \/>\n<meta name=\"twitter:label1\" content=\"Gesch\u00e4tzte Lesezeit\" \/>\n\t<meta name=\"twitter:data1\" content=\"1\u00a0Minute\" \/>\n<script type=\"application\/ld+json\" class=\"yoast-schema-graph\">{\"@context\":\"https:\\\/\\\/schema.org\",\"@graph\":[{\"@type\":\"WebPage\",\"@id\":\"https:\\\/\\\/iconcare.eu\\\/index.php\\\/contact\\\/\",\"url\":\"https:\\\/\\\/iconcare.eu\\\/index.php\\\/contact\\\/\",\"name\":\"Kontakt - iconcare GmbH - Interlinked Consulting and Controlling for Healthcare - created by BInovis and Visality\",\"isPartOf\":{\"@id\":\"https:\\\/\\\/iconcare.eu\\\/#website\"},\"datePublished\":\"2017-06-19T07:08:22+00:00\",\"dateModified\":\"2022-01-18T10:18:36+00:00\",\"breadcrumb\":{\"@id\":\"https:\\\/\\\/iconcare.eu\\\/index.php\\\/contact\\\/#breadcrumb\"},\"inLanguage\":\"de\",\"potentialAction\":[{\"@type\":\"ReadAction\",\"target\":[\"https:\\\/\\\/iconcare.eu\\\/index.php\\\/contact\\\/\"]}]},{\"@type\":\"BreadcrumbList\",\"@id\":\"https:\\\/\\\/iconcare.eu\\\/index.php\\\/contact\\\/#breadcrumb\",\"itemListElement\":[{\"@type\":\"ListItem\",\"position\":1,\"name\":\"Startseite\",\"item\":\"https:\\\/\\\/iconcare.eu\\\/\"},{\"@type\":\"ListItem\",\"position\":2,\"name\":\"Kontakt\"}]},{\"@type\":\"WebSite\",\"@id\":\"https:\\\/\\\/iconcare.eu\\\/#website\",\"url\":\"https:\\\/\\\/iconcare.eu\\\/\",\"name\":\"iconcare GmbH - Interlinked Consulting and Controlling for Healthcare - created by BInovis and Visality\",\"description\":\"Website mit Informationen rund um die Firma iconcare, Branchen, Kompetenzen und Referenzen\",\"publisher\":{\"@id\":\"https:\\\/\\\/iconcare.eu\\\/#organization\"},\"potentialAction\":[{\"@type\":\"SearchAction\",\"target\":{\"@type\":\"EntryPoint\",\"urlTemplate\":\"https:\\\/\\\/iconcare.eu\\\/?s={search_term_string}\"},\"query-input\":{\"@type\":\"PropertyValueSpecification\",\"valueRequired\":true,\"valueName\":\"search_term_string\"}}],\"inLanguage\":\"de\"},{\"@type\":\"Organization\",\"@id\":\"https:\\\/\\\/iconcare.eu\\\/#organization\",\"name\":\"Visality Consulting GmbH\",\"url\":\"https:\\\/\\\/iconcare.eu\\\/\",\"logo\":{\"@type\":\"ImageObject\",\"inLanguage\":\"de\",\"@id\":\"https:\\\/\\\/iconcare.eu\\\/#\\\/schema\\\/logo\\\/image\\\/\",\"url\":\"https:\\\/\\\/iconcare.eu\\\/wp-content\\\/uploads\\\/2020\\\/02\\\/Visality_Vektor_einfarbig_20200228.png\",\"contentUrl\":\"https:\\\/\\\/iconcare.eu\\\/wp-content\\\/uploads\\\/2020\\\/02\\\/Visality_Vektor_einfarbig_20200228.png\",\"width\":5547,\"height\":4036,\"caption\":\"Visality Consulting GmbH\"},\"image\":{\"@id\":\"https:\\\/\\\/iconcare.eu\\\/#\\\/schema\\\/logo\\\/image\\\/\"}}]}<\/script>\n<!-- \/ Yoast SEO plugin. -->","yoast_head_json":{"title":"Kontakt - iconcare GmbH - Interlinked Consulting and Controlling for Healthcare - created by BInovis and Visality","robots":{"index":"index","follow":"follow","max-snippet":"max-snippet:-1","max-image-preview":"max-image-preview:large","max-video-preview":"max-video-preview:-1"},"canonical":"https:\/\/iconcare.eu\/index.php\/contact\/","og_locale":"de_DE","og_type":"article","og_title":"Kontakt - iconcare GmbH - Interlinked Consulting and Controlling for Healthcare - created by BInovis and Visality","og_description":"Kontakt Anschrift iconcare GmbH Puschkinallee 3 D &#8211; 14469 Potsdam \u00a0 +49 (0)331 8871 9021 info@iconcare.eu","og_url":"https:\/\/iconcare.eu\/index.php\/contact\/","og_site_name":"iconcare GmbH - Interlinked Consulting and Controlling for Healthcare - created by BInovis and Visality","article_modified_time":"2022-01-18T10:18:36+00:00","twitter_card":"summary_large_image","twitter_misc":{"Gesch\u00e4tzte Lesezeit":"1\u00a0Minute"},"schema":{"@context":"https:\/\/schema.org","@graph":[{"@type":"WebPage","@id":"https:\/\/iconcare.eu\/index.php\/contact\/","url":"https:\/\/iconcare.eu\/index.php\/contact\/","name":"Kontakt - iconcare GmbH - Interlinked Consulting and Controlling for Healthcare - created by BInovis and Visality","isPartOf":{"@id":"https:\/\/iconcare.eu\/#website"},"datePublished":"2017-06-19T07:08:22+00:00","dateModified":"2022-01-18T10:18:36+00:00","breadcrumb":{"@id":"https:\/\/iconcare.eu\/index.php\/contact\/#breadcrumb"},"inLanguage":"de","potentialAction":[{"@type":"ReadAction","target":["https:\/\/iconcare.eu\/index.php\/contact\/"]}]},{"@type":"BreadcrumbList","@id":"https:\/\/iconcare.eu\/index.php\/contact\/#breadcrumb","itemListElement":[{"@type":"ListItem","position":1,"name":"Startseite","item":"https:\/\/iconcare.eu\/"},{"@type":"ListItem","position":2,"name":"Kontakt"}]},{"@type":"WebSite","@id":"https:\/\/iconcare.eu\/#website","url":"https:\/\/iconcare.eu\/","name":"iconcare GmbH - Interlinked Consulting and Controlling for Healthcare - created by BInovis and Visality","description":"Website mit Informationen rund um die Firma iconcare, Branchen, Kompetenzen und Referenzen","publisher":{"@id":"https:\/\/iconcare.eu\/#organization"},"potentialAction":[{"@type":"SearchAction","target":{"@type":"EntryPoint","urlTemplate":"https:\/\/iconcare.eu\/?s={search_term_string}"},"query-input":{"@type":"PropertyValueSpecification","valueRequired":true,"valueName":"search_term_string"}}],"inLanguage":"de"},{"@type":"Organization","@id":"https:\/\/iconcare.eu\/#organization","name":"Visality Consulting GmbH","url":"https:\/\/iconcare.eu\/","logo":{"@type":"ImageObject","inLanguage":"de","@id":"https:\/\/iconcare.eu\/#\/schema\/logo\/image\/","url":"https:\/\/iconcare.eu\/wp-content\/uploads\/2020\/02\/Visality_Vektor_einfarbig_20200228.png","contentUrl":"https:\/\/iconcare.eu\/wp-content\/uploads\/2020\/02\/Visality_Vektor_einfarbig_20200228.png","width":5547,"height":4036,"caption":"Visality Consulting GmbH"},"image":{"@id":"https:\/\/iconcare.eu\/#\/schema\/logo\/image\/"}}]}},"_links":{"self":[{"href":"https:\/\/iconcare.eu\/index.php\/wp-json\/wp\/v2\/pages\/1136","targetHints":{"allow":["GET"]}}],"collection":[{"href":"https:\/\/iconcare.eu\/index.php\/wp-json\/wp\/v2\/pages"}],"about":[{"href":"https:\/\/iconcare.eu\/index.php\/wp-json\/wp\/v2\/types\/page"}],"author":[{"embeddable":true,"href":"https:\/\/iconcare.eu\/index.php\/wp-json\/wp\/v2\/users\/1"}],"replies":[{"embeddable":true,"href":"https:\/\/iconcare.eu\/index.php\/wp-json\/wp\/v2\/comments?post=1136"}],"version-history":[{"count":44,"href":"https:\/\/iconcare.eu\/index.php\/wp-json\/wp\/v2\/pages\/1136\/revisions"}],"predecessor-version":[{"id":7175,"href":"https:\/\/iconcare.eu\/index.php\/wp-json\/wp\/v2\/pages\/1136\/revisions\/7175"}],"wp:attachment":[{"href":"https:\/\/iconcare.eu\/index.php\/wp-json\/wp\/v2\/media?parent=1136"}],"curies":[{"name":"wp","href":"https:\/\/api.w.org\/{rel}","templated":true}]}}